{"id":1084,"date":"2014-09-17T15:36:30","date_gmt":"2014-09-17T13:36:30","guid":{"rendered":"https:\/\/ukrainistika.ffzg.unizg.hr\/?page_id=1084"},"modified":"2024-04-29T10:46:53","modified_gmt":"2024-04-29T08:46:53","slug":"contacts","status":"publish","type":"page","link":"https:\/\/ukrainistika.ffzg.unizg.hr\/?page_id=851","title":{"rendered":"Contacts"},"content":{"rendered":"<p><b>Chair of the Ukrainian Language and Literature Section<\/b><\/p>\n<p><a href=\"mailto:Dariya%20Pavle\u0161en,%20senior%20lector\">Dariya Pavle\u0161en, docent<\/a> (dpavlese@ffzg.hr), office B-201<\/p>\n<p>&nbsp;<\/p>\n<p><b>ISVU Coordinator for Undergraduate Programme in Ukrainian Language and Literature<\/b><\/p>\n<p><a href=\"mailto:Dariya%20Pavle\u0161en,%20senior%20lector\">Dariya Pavle\u0161en, docent<\/a> (dpavlese@ffzg.hr), office B-201<\/p>\n<p>&nbsp;<\/p>\n<p><b>ISVU Coordinator for Graduate Programme in Ukrainian Language and Literature<\/b><\/p>\n<p><a href=\"mailto:Dariya%20Pavle\u0161en,%20senior%20lector\">Dariya Pavle\u0161en, docent<\/a> (dpavlese@ffzg.hr), office B-201<\/p>\n<p>&nbsp;<\/p>\n<p><b>Erasmus Coordinator<\/b><\/p>\n<p><a href=\"mailto:Ana%20Dugand\u017ei\u0107,%20lector\">Ana Dugand\u017ei\u0107, senior lector<\/a> (adugandz@ffzg.hr), office B-201<\/p>\n<p><b>\u00a0<\/b><\/p>\n<p><b>Course Scheduling Coordinator<\/b><\/p>\n<p><a href=\"mailto:Ana%20Dugand\u017ei\u0107,%20lector\">Ana Dugand\u017ei\u0107, senior lector<\/a> (adugandz@ffzg.hr), office B-201<\/p>\n<p>&nbsp;<\/p>\n<p><b>Web Administrator<\/b><\/p>\n<p><a href=\"mailto:Silvija%20Graljuk,%20teaching%20assistant\">Silvija Graljuk, postdoctoral researcher<\/a> (sgraljuk@ffzg.hr), office B-202<\/p>\n<p>&nbsp;<\/p>\n<p><b>Librarian<\/b><\/p>\n<p><a title=\"Knji\u017enica\" href=\"https:\/\/www.ffzg.unizg.hr\/slaven\/istocna\/?page_id=451\">Greta \u0160imi\u010devi\u0107<\/a> (<a href=\"mailto:gsimicev@ffzg.hr\">gsimicev@ffzg.hr<\/a>) phone: 6120-221, office: Library, office 3.6.<\/p>\n<p>&nbsp;<\/p>\n","protected":false},"excerpt":{"rendered":"<p>Chair of the Ukrainian Language and Literature Section Dariya Pavle\u0161en, docent (dpavlese@ffzg.hr), office B-201 &nbsp; ISVU Coordinator for Undergraduate Programme in Ukrainian Language and Literature Dariya Pavle\u0161en, docent (dpavlese@ffzg.hr), office B-201 &nbsp; ISVU Coordinator for Graduate Programme in Ukrainian Language and Literature Dariya Pavle\u0161en, docent (dpavlese@ffzg.hr), office B-201 &nbsp; Erasmus Coordinator Ana Dugand\u017ei\u0107, senior lector [&hellip;]<\/p>\n","protected":false},"author":3,"featured_media":0,"parent":0,"menu_order":0,"comment_status":"closed","ping_status":"closed","template":"","meta":{"footnotes":""},"class_list":["post-1084","page","type-page","status-publish","hentry"],"_links":{"self":[{"href":"https:\/\/ukrainistika.ffzg.unizg.hr\/index.php?rest_route=\/wp\/v2\/pages\/1084"}],"collection":[{"href":"https:\/\/ukrainistika.ffzg.unizg.hr\/index.php?rest_route=\/wp\/v2\/pages"}],"about":[{"href":"https:\/\/ukrainistika.ffzg.unizg.hr\/index.php?rest_route=\/wp\/v2\/types\/page"}],"author":[{"embeddable":true,"href":"https:\/\/ukrainistika.ffzg.unizg.hr\/index.php?rest_route=\/wp\/v2\/users\/3"}],"replies":[{"embeddable":true,"href":"https:\/\/ukrainistika.ffzg.unizg.hr\/index.php?rest_route=%2Fwp%2Fv2%2Fcomments&post=1084"}],"version-history":[{"count":3,"href":"https:\/\/ukrainistika.ffzg.unizg.hr\/index.php?rest_route=\/wp\/v2\/pages\/1084\/revisions"}],"predecessor-version":[{"id":3964,"href":"https:\/\/ukrainistika.ffzg.unizg.hr\/index.php?rest_route=\/wp\/v2\/pages\/1084\/revisions\/3964"}],"wp:attachment":[{"href":"https:\/\/ukrainistika.ffzg.unizg.hr\/index.php?rest_route=%2Fwp%2Fv2%2Fmedia&parent=1084"}],"curies":[{"name":"wp","href":"https:\/\/api.w.org\/{rel}","templated":true}]}}