{"id":3324,"date":"2013-04-08T16:56:01","date_gmt":"2013-04-08T14:56:01","guid":{"rendered":"https:\/\/ukrainistika.ffzg.unizg.hr\/?page_id=3324&#038;lang=en"},"modified":"2021-10-20T21:45:49","modified_gmt":"2021-10-20T19:45:49","slug":"predavaci","status":"publish","type":"page","link":"https:\/\/ukrainistika.ffzg.unizg.hr\/?page_id=14","title":{"rendered":"Teachers"},"content":{"rendered":"<p><a title=\"Dr. sc. Milenko Popovi\u0107, prof. emeritus\" href=\"\/slaven\/ukrajinistika\/?page_id=121\">Dr. sc. Milenko Popovi\u0107, prof. emeritus<\/a><\/p>\n<p><a style=\"font-size: 1rem; color: #0f3647;\" title=\"Dr.sc. Oksana Timko \u00d0itko, izv. prof.\" href=\"\/slaven\/ukrajinistika\/?page_id=152\">Dr. sc. Oksana Timko-\u0110itko, red. prof. (Predstojnica Katedre za ukrajinski jezik i knji\u017eevnost)<\/a><\/p>\n<p><a title=\"Dr. sc. Tetyana Fuderer, doc.\" href=\"\/slaven\/ukrajinistika\/?page_id=160\" target=\"_blank\" rel=\"noopener\">Dr. sc. Tetyana Fuderer, red. prof.<\/a><\/p>\n<p><a title=\"Dariya Pavle\u0161en, vi\u0161a lektorica\" href=\"\/slaven\/ukrajinistika\/?page_id=166\">Dr. sc. Dariya Pavle\u0161en, vi\u0161a lektorica<\/a><\/p>\n<p>Dr.sc. <a title=\"Ana Dugand\u017ei\u0107, lektorica\" href=\"\/slaven\/ukrajinistika\/?page_id=176\">Ana Dugand\u017ei\u0107, vi\u0161a lektorica<\/a><\/p>\n<p><a title=\"Silvija Graljuk, asistentica\" href=\"\/slaven\/ukrajinistika\/?page_id=171\">Dr. sc. Silvija Graljuk, poslijedoktorandica<\/a><\/p>\n<p><a title=\"Domagoj Kli\u010dek, vanjski suradnik\" href=\"\/slaven\/ukrajinistika\/?page_id=179\">Domagoj Kli\u010dek, asistent<\/a><\/p>\n<p><a href=\"\/slaven\/ukrajinistika\/?page_id=2666\">Josip Rala\u0161i\u0107, asistent<\/a><\/p>\n<p><a href=\"\/slaven\/ukrajinistika\/?page_id=2914\" target=\"_blank\" rel=\"noopener\">Dr.<\/a><a style=\"font-size: 1rem;\" href=\"\/slaven\/ukrajinistika\/?page_id=2914\" target=\"_blank\" rel=\"noopener\">\u00a0sc. Lesja Petrovska, strana lektorica<\/a><\/p>\n<hr \/>\n<p><a title=\"Mr. sc. Rajisa Trostinska, vanjska suradnica\" href=\"\/slaven\/ukrajinistika\/?page_id=139\">Mr. sc. Rajisa Trostinska, biv\u0161a \u010dlanica Katedre za ukrajinski jezik i knji\u017eevnost <\/a><\/p>\n<p><a style=\"color: #0f3647; font-size: 1rem;\" title=\"Dr. sc. Jevgenij Pa\u0161\u010denko, izv. prof.\" href=\"\/slaven\/ukrajinistika\/?page_id=130\">Dr. sc. Jevgenij Pa\u0161\u010denko, red. prof.\u00a0<\/a><\/p>\n","protected":false},"excerpt":{"rendered":"<p>Dr. sc. Milenko Popovi\u0107, prof. emeritus Dr. sc. Oksana Timko-\u0110itko, red. prof. (Predstojnica Katedre za ukrajinski jezik i knji\u017eevnost) Dr. sc. Tetyana Fuderer, red. prof. Dr. sc. Dariya Pavle\u0161en, vi\u0161a lektorica Dr.sc. Ana Dugand\u017ei\u0107, vi\u0161a lektorica Dr. sc. Silvija Graljuk, poslijedoktorandica Domagoj Kli\u010dek, asistent Josip Rala\u0161i\u0107, asistent Dr.\u00a0sc. Lesja Petrovska, strana lektorica Mr. sc. Rajisa [&hellip;]<\/p>\n","protected":false},"author":1,"featured_media":0,"parent":0,"menu_order":5,"comment_status":"closed","ping_status":"closed","template":"","meta":{"footnotes":""},"class_list":["post-3324","page","type-page","status-publish","hentry"],"_links":{"self":[{"href":"https:\/\/ukrainistika.ffzg.unizg.hr\/index.php?rest_route=\/wp\/v2\/pages\/3324"}],"collection":[{"href":"https:\/\/ukrainistika.ffzg.unizg.hr\/index.php?rest_route=\/wp\/v2\/pages"}],"about":[{"href":"https:\/\/ukrainistika.ffzg.unizg.hr\/index.php?rest_route=\/wp\/v2\/types\/page"}],"author":[{"embeddable":true,"href":"https:\/\/ukrainistika.ffzg.unizg.hr\/index.php?rest_route=\/wp\/v2\/users\/1"}],"replies":[{"embeddable":true,"href":"https:\/\/ukrainistika.ffzg.unizg.hr\/index.php?rest_route=%2Fwp%2Fv2%2Fcomments&post=3324"}],"version-history":[{"count":1,"href":"https:\/\/ukrainistika.ffzg.unizg.hr\/index.php?rest_route=\/wp\/v2\/pages\/3324\/revisions"}],"predecessor-version":[{"id":3325,"href":"https:\/\/ukrainistika.ffzg.unizg.hr\/index.php?rest_route=\/wp\/v2\/pages\/3324\/revisions\/3325"}],"wp:attachment":[{"href":"https:\/\/ukrainistika.ffzg.unizg.hr\/index.php?rest_route=%2Fwp%2Fv2%2Fmedia&parent=3324"}],"curies":[{"name":"wp","href":"https:\/\/api.w.org\/{rel}","templated":true}]}}