{"id":3355,"date":"2013-06-02T15:48:43","date_gmt":"2013-06-02T13:48:43","guid":{"rendered":"https:\/\/ukrainistika.ffzg.unizg.hr\/?page_id=3355&#038;lang=en"},"modified":"2021-10-27T21:56:13","modified_gmt":"2021-10-27T19:56:13","slug":"ana-dugandzic","status":"publish","type":"page","link":"https:\/\/ukrainistika.ffzg.unizg.hr\/?page_id=176","title":{"rendered":"Dr. sc. Ana Dugand\u017ei\u0107, vi\u0161a lektorica"},"content":{"rendered":"<p align=\"left\"><a href=\"https:\/\/ukrainistika.ffzg.unizg.hr\/wp-content\/uploads\/2014\/06\/Dugandzic1.jpg\"><img loading=\"lazy\" decoding=\"async\" class=\"alignleft size-full wp-image-990\" src=\"https:\/\/ukrainistika.ffzg.unizg.hr\/wp-content\/uploads\/2014\/06\/Dugandzic1.jpg\" alt=\"Dugandzic\" width=\"108\" height=\"144\" \/><\/a><\/p>\n<p align=\"left\"><strong>e-mail<\/strong>: <a href=\"adugandzic@ffzg.hr\">adugandzic@ffzg.hr<\/a><\/p>\n<p align=\"left\"><strong>konzultacije:<\/strong> utorak 17.00 &#8211; 18.00 u B-201<\/p>\n<p align=\"left\"><a href=\"https:\/\/theta.ffzg.hr\/ECTS\/Osoba\/Index\/3360\" target=\"_blank\" rel=\"noopener\"><strong>ECTS INFORMACIJSKI PAKET<\/strong><\/a><\/p>\n<p>Ana Dugand\u017ei\u0107 was born in 1979 in \u010cakovec, Croatia. She graduated from the Faculty<br \/>\nof Humanities and Social Sciences in Zagreb in 2003, having majored in Ukrainian<br \/>\nLanguage and Literature and English Language and Literature. In 2019 she defended<br \/>\nher PhD thesis on somatic phraseology in Croatian and Ukrainian.<br \/>\nShe works at the Faculty of Humanities and Social Sciences in Zagreb as a senior<br \/>\nlector for Ukrainian language.<\/p>\n<p>https:\/\/www.bib.irb.hr\/pregled\/profil\/36898<\/p>\n<p>&nbsp;<\/p>\n","protected":false},"excerpt":{"rendered":"<p>e-mail: adugandzic@ffzg.hr konzultacije: utorak 17.00 &#8211; 18.00 u B-201 ECTS INFORMACIJSKI PAKET Ana Dugand\u017ei\u0107 was born in 1979 in \u010cakovec, Croatia. She graduated from the Faculty of Humanities and Social Sciences in Zagreb in 2003, having majored in Ukrainian Language and Literature and English Language and Literature. In 2019 she defended her PhD thesis on [&hellip;]<\/p>\n","protected":false},"author":1,"featured_media":0,"parent":3324,"menu_order":8,"comment_status":"closed","ping_status":"closed","template":"","meta":{"footnotes":""},"class_list":["post-3355","page","type-page","status-publish","hentry"],"_links":{"self":[{"href":"https:\/\/ukrainistika.ffzg.unizg.hr\/index.php?rest_route=\/wp\/v2\/pages\/3355"}],"collection":[{"href":"https:\/\/ukrainistika.ffzg.unizg.hr\/index.php?rest_route=\/wp\/v2\/pages"}],"about":[{"href":"https:\/\/ukrainistika.ffzg.unizg.hr\/index.php?rest_route=\/wp\/v2\/types\/page"}],"author":[{"embeddable":true,"href":"https:\/\/ukrainistika.ffzg.unizg.hr\/index.php?rest_route=\/wp\/v2\/users\/1"}],"replies":[{"embeddable":true,"href":"https:\/\/ukrainistika.ffzg.unizg.hr\/index.php?rest_route=%2Fwp%2Fv2%2Fcomments&post=3355"}],"version-history":[{"count":2,"href":"https:\/\/ukrainistika.ffzg.unizg.hr\/index.php?rest_route=\/wp\/v2\/pages\/3355\/revisions"}],"predecessor-version":[{"id":3357,"href":"https:\/\/ukrainistika.ffzg.unizg.hr\/index.php?rest_route=\/wp\/v2\/pages\/3355\/revisions\/3357"}],"up":[{"embeddable":true,"href":"https:\/\/ukrainistika.ffzg.unizg.hr\/index.php?rest_route=\/wp\/v2\/pages\/3324"}],"wp:attachment":[{"href":"https:\/\/ukrainistika.ffzg.unizg.hr\/index.php?rest_route=%2Fwp%2Fv2%2Fmedia&parent=3355"}],"curies":[{"name":"wp","href":"https:\/\/api.w.org\/{rel}","templated":true}]}}