{"id":10,"date":"2013-04-08T16:53:26","date_gmt":"2013-04-08T14:53:26","guid":{"rendered":"http:\/\/wp.ffzg.unizg.hr\/ukrajinistika-proba\/?page_id=10"},"modified":"2021-01-25T11:11:44","modified_gmt":"2021-01-25T09:11:44","slug":"syllabusi","status":"publish","type":"page","link":"https:\/\/ukrainistika.ffzg.unizg.hr\/?page_id=10","title":{"rendered":"Syllabusi"},"content":{"rendered":"<p>&nbsp;<\/p>\n<table border=\"1\" width=\"100%\" cellspacing=\"0\" cellpadding=\"0\">\n<tbody>\n<tr>\n<td width=\"50%\"><strong>I. semestar<\/strong><\/td>\n<td valign=\"top\" width=\"50%\"><strong>II. semestar<\/strong><\/td>\n<\/tr>\n<tr>\n<td width=\"50%\">\n<ul>\n<li><a title=\"Jezi\u010dne vje\u017ebe I i elementarna gramatika\" href=\"\/slaven\/ukrajinistika\/?page_id=239\">Jezi\u010dne vje\u017ebe iz ukrajinskog jezika i\u00a0elementarna gramatika I<\/a><\/li>\n<li><a title=\"Uvod u lingvistiku\" href=\"\/slaven\/ukrajinistika\/?page_id=245\">Uvod u lingvistiku<\/a><\/li>\n<li><a title=\"Kultura i civilizacija\" href=\"\/slaven\/ukrajinistika\/?page_id=247\">Kultura i civilizacija<\/a><\/li>\n<li><a title=\"Ukrajinska usmena knji\u017eevnost\" href=\"\/slaven\/ukrajinistika\/?page_id=262\">Ukrajinska usmena knji\u017eevnost<\/a><\/li>\n<\/ul>\n<\/td>\n<td valign=\"top\" width=\"50%\">\n<ul>\n<li><a title=\"Jezi\u010dne vje\u017ebe II\" href=\"\/slaven\/ukrajinistika\/?page_id=265\">Jezi\u010dne vje\u017ebe iz ukrajinskog jezika II<\/a><\/li>\n<li><a title=\"Fonetika i fonologija, fonetske vje\u017ebe\" href=\"\/slaven\/ukrajinistika\/?page_id=272\">Fonetika i fonologija, fonetske vje\u017ebe<\/a><\/li>\n<li><a title=\"Morfologija I i vje\u017ebe iz morfologije\" href=\"\/slaven\/ukrajinistika\/?page_id=274\">Morfologija I i vje\u017ebe iz morfologije<\/a><\/li>\n<li><a title=\"Ukrajinska knji\u017eevnost I\" href=\"\/slaven\/ukrajinistika\/?page_id=280\">Ukrajinska knji\u017eevnost 1<\/a><\/li>\n<li><a title=\"Ortografski praktikum I\" href=\"\/slaven\/ukrajinistika\/?page_id=284\">Ortografski praktikum I<\/a><\/li>\n<\/ul>\n<\/td>\n<\/tr>\n<tr>\n<td width=\"50%\"><strong>III. semestar<\/strong><\/td>\n<td valign=\"top\" width=\"50%\"><strong>IV. semestar<\/strong><\/td>\n<\/tr>\n<tr>\n<td width=\"50%\">\n<ul>\n<li><a title=\"Jezi\u010dne vje\u017ebe III\" href=\"\/slaven\/ukrajinistika\/?page_id=693\" target=\"_blank\" rel=\"noopener\">Jezi\u010dne vje\u017ebe iz ukrajinskog jezika 3<\/a><\/li>\n<li><a title=\"Ukrajinska knji\u017eevnost 2\" href=\"\/slaven\/ukrajinistika\/?page_id=291\">Ukrajinska knji\u017eevnost 2<\/a><\/li>\n<li><a title=\"Morfologija II i vje\u017ebe iz morfologije\" href=\"\/slaven\/ukrajinistika\/?page_id=295\">Morfologija II i vje\u017ebe iz morfologije<\/a><\/li>\n<li><a title=\"Ortografski praktikum II\" href=\"\/slaven\/ukrajinistika\/?page_id=299\">Ortografski praktikum II<\/a><\/li>\n<\/ul>\n<\/td>\n<td valign=\"top\" width=\"50%\">\n<ul>\n<li><a title=\"Jezi\u010dne vje\u017ebe IV\" href=\"\/slaven\/ukrajinistika\/?page_id=695\" target=\"_blank\" rel=\"noopener\">Jezi\u010dne vje\u017ebe iz ukrajinskog jezika 4<\/a><\/li>\n<li><a title=\"Ukrajinska knji\u017eevnost 3\" href=\"\/slaven\/ukrajinistika\/?page_id=313\">Ukrajinska knji\u017eevnost 3<\/a><\/li>\n<li><a title=\"Osnove staroslavenskog\" href=\"\/slaven\/ukrajinistika\/?page_id=317\">Osnove staroslavenskog<\/a><\/li>\n<li><a title=\"Lektira I\" href=\"\/slaven\/ukrajinistika\/?page_id=304\">Lektira I<\/a><\/li>\n<li><a href=\"\/slaven\/ukrajinistika\/?page_id=2063\">Terenska nastava studija ukrajinskog jezika i knji\u017eevnosti<\/a><\/li>\n<\/ul>\n<\/td>\n<\/tr>\n<tr>\n<td><strong>V. semestar<\/strong><\/td>\n<td valign=\"top\"><strong>VI. semestar<\/strong><\/td>\n<\/tr>\n<tr>\n<td>\n<ul>\n<li><a title=\"Jezi\u010dne vje\u017ebe V\" href=\"\/slaven\/ukrajinistika\/?page_id=326\">Jezi\u010dne vje\u017ebe V<\/a><\/li>\n<li><a title=\"Ukrajinska knji\u017eevnost 4\" href=\"\/slaven\/ukrajinistika\/?page_id=328\">Ukrajinska knji\u017eevnost 4<\/a><\/li>\n<li><a title=\"Sintaksa 1\" href=\"\/slaven\/ukrajinistika\/?page_id=2480\">Sintaksa ukrajinskog jezika 1 <\/a><\/li>\n<li><a title=\"Leksikologija i frazeologija ukrajinskoga jezika\" href=\"\/slaven\/ukrajinistika\/?page_id=379\">Leksikologija i frazeologija ukrajinskoga jezika<\/a><\/li>\n<li><a title=\"Lektira II\" href=\"\/slaven\/ukrajinistika\/?page_id=322\">Lektira II<\/a><\/li>\n<\/ul>\n<\/td>\n<td valign=\"top\">\n<ul>\n<li><a title=\"Jezi\u010dne vje\u017ebe VI\" href=\"\/slaven\/ukrajinistika\/?page_id=338\">Jezi\u010dne vje\u017ebe VI<\/a><\/li>\n<li><a title=\"Ukrajinska knji\u017eevnost 5\" href=\"\/slaven\/ukrajinistika\/?page_id=340\">Ukrajinska knji\u017eevnost 5<\/a><\/li>\n<li><a title=\"Sintaksa 2\" href=\"\/slaven\/ukrajinistika\/?page_id=2483\">Sintaksa ukrajinskog jezika 2<\/a><\/li>\n<li><a title=\"Dijalektologija\" href=\"\/slaven\/ukrajinistika\/?page_id=347\" target=\"_blank\" rel=\"noopener\">Dijalektologija<\/a><\/li>\n<li><a title=\"Poglavlja iz slavistike\" href=\"\/slaven\/ukrajinistika\/?page_id=363\" target=\"_blank\" rel=\"noopener\">Poglavlja iz slavistike<\/a><\/li>\n<li><a href=\"\/slaven\/ukrajinistika\/?page_id=2063\">Terenska nastava studija ukrajinskog jezika i knji\u017eevnosti<\/a><\/li>\n<\/ul>\n<\/td>\n<\/tr>\n<tr>\n<td><strong>VII. semestar<\/strong><\/td>\n<td valign=\"top\"><strong>VIII. semestar<\/strong><\/td>\n<\/tr>\n<tr>\n<td>\n<ul>\n<li><a title=\"Jezi\u010dne vje\u017ebe VIII\" href=\"\/slaven\/ukrajinistika\/?page_id=384\">Jezi\u010dne vje\u017ebe VII<\/a><\/li>\n<li><a title=\"Ukrajinska knji\u017eevnost 6\" href=\"\/slaven\/ukrajinistika\/?page_id=370\">Ukrajinska knji\u017eevnost 6<\/a><\/li>\n<li><a title=\"Historijska gramatika\" href=\"\/slaven\/ukrajinistika\/?page_id=2598\" target=\"_blank\" rel=\"noopener\">Historijska gramatika<\/a><\/li>\n<li><a title=\"Leksikologija i frazeologija ukrajinskoga jezika\" href=\"\/slaven\/ukrajinistika\/?page_id=379\">Leksikologija i frazeologija ukrajinskoga jezika<\/a><\/li>\n<\/ul>\n<\/td>\n<td valign=\"top\">\n<ul>\n<li><a title=\"Jezi\u010dne vje\u017ebe VIII\" href=\"\/slaven\/ukrajinistika\/?page_id=384\">Jezi\u010dne vje\u017ebe VIII<\/a><\/li>\n<li><a title=\"Ukrajinska knji\u017eevnost 7\" href=\"\/slaven\/ukrajinistika\/?page_id=392\">Ukrajinska knji\u017eevnost 7<\/a><\/li>\n<li><a title=\"Stilistika suvremenoga ukrajinskog jezika\" href=\"\/slaven\/ukrajinistika\/?page_id=2486\">Stilistika suvremenoga ukrajinskog jezika<\/a><\/li>\n<li><a title=\"Dijalektologija\" href=\"\/slaven\/ukrajinistika\/?page_id=347\" target=\"_blank\" rel=\"noopener\">Dijalektologija<\/a><\/li>\n<li><a title=\"Poglavlja iz slavistike\" href=\"\/slaven\/ukrajinistika\/?page_id=363\" target=\"_blank\" rel=\"noopener\">Poglavlja iz slavistike<\/a><\/li>\n<\/ul>\n<\/td>\n<\/tr>\n<tr>\n<td><strong>IX. semestar (Prevoditeljsko-kulturolo\u0161ki)<\/strong><\/td>\n<td valign=\"top\"><strong>X. semestar (Prevoditeljsko &#8211; kulturolo\u0161ki)<\/strong><\/td>\n<\/tr>\n<tr>\n<td>\n<ul>\n<li><a title=\"Teorija i praksa prevo\u0111enja\" href=\"\/slaven\/ukrajinistika\/?page_id=407\">Teorija i praksa prevo\u0111enja<\/a><\/li>\n<li><a title=\"Funkcionalni stilovi i prevo\u0111enje\" href=\"https:\/\/ukrainistika.ffzg.unizg.hr\/?page_id=2472&#038;preview=true\">Funkcionalni stilovi i prevo\u0111enje<\/a><\/li>\n<li><a title=\"Prevo\u0111enje knji\u017eevnih tekstova\" href=\"https:\/\/ukrainistika.ffzg.unizg.hr\/?page_id=2477&#038;preview=true\">Prevo\u0111enje knji\u017eevnih tekstova<\/a><\/li>\n<\/ul>\n<\/td>\n<td valign=\"top\">\n<ul>\n<li><a href=\"\/slaven\/ukrajinistika\/?page_id=3117\" target=\"_blank\" rel=\"noopener\">Povijest ukrajinskog jezika<\/a><\/li>\n<\/ul>\n<\/td>\n<\/tr>\n<\/tbody>\n<tbody>\n<tr>\n<td><strong>X. semestar (Nastavni\u010dki)<\/strong><\/td>\n<td valign=\"top\"><strong>X. semestar (Nastavni\u010dki)<\/strong><\/td>\n<\/tr>\n<tr>\n<td>\n<ul>\n<li><a title=\"Glotodidaktika\" href=\"\/slaven\/ukrajinistika\/?page_id=480\" target=\"_blank\" rel=\"noopener\">Glotodidaktika <\/a><\/li>\n<li><a title=\"Usvajanje stranog jezika\" href=\"\/slaven\/ukrajinistika\/?page_id=425\">Usvajanje stranog jezika <\/a><\/li>\n<\/ul>\n<p>&nbsp;<\/p>\n<p><strong>Izborni za nemati\u010dne studente<\/strong><\/p>\n<ul>\n<li><a title=\"Te\u010daj ukrajinskog jezika I\" href=\"\/slaven\/ukrajinistika\/?page_id=1212\">Te\u010daj ukrajinskog I<\/a><\/li>\n<\/ul>\n<\/td>\n<td valign=\"top\">\n<ul>\n<li><a title=\"Metodika\" href=\"\/slaven\/ukrajinistika\/?page_id=427\" target=\"_blank\" rel=\"noopener\">Metodika <\/a><\/li>\n<\/ul>\n<p>&nbsp;<\/p>\n<p><strong><br \/>\nIzborni za nemati\u010dne studente<\/strong><\/p>\n<ul>\n<li><a title=\"Te\u010daj ukrajinskog jezika II\" href=\"\/slaven\/ukrajinistika\/?page_id=1214\">Te\u010daj ukrajinskog II<\/a><\/li>\n<\/ul>\n<\/td>\n<\/tr>\n<\/tbody>\n<\/table>\n","protected":false},"excerpt":{"rendered":"<p>&nbsp; I. semestar II. semestar Jezi\u010dne vje\u017ebe iz ukrajinskog jezika i\u00a0elementarna gramatika I Uvod u lingvistiku Kultura i civilizacija Ukrajinska usmena knji\u017eevnost Jezi\u010dne vje\u017ebe iz ukrajinskog jezika II Fonetika i fonologija, fonetske vje\u017ebe Morfologija I i vje\u017ebe iz morfologije Ukrajinska knji\u017eevnost 1 Ortografski praktikum I III. semestar IV. semestar Jezi\u010dne vje\u017ebe iz ukrajinskog jezika 3 [&hellip;]<\/p>\n","protected":false},"author":1,"featured_media":0,"parent":0,"menu_order":3,"comment_status":"closed","ping_status":"closed","template":"","meta":{"footnotes":""},"class_list":["post-10","page","type-page","status-publish","hentry"],"_links":{"self":[{"href":"https:\/\/ukrainistika.ffzg.unizg.hr\/index.php?rest_route=\/wp\/v2\/pages\/10"}],"collection":[{"href":"https:\/\/ukrainistika.ffzg.unizg.hr\/index.php?rest_route=\/wp\/v2\/pages"}],"about":[{"href":"https:\/\/ukrainistika.ffzg.unizg.hr\/index.php?rest_route=\/wp\/v2\/types\/page"}],"author":[{"embeddable":true,"href":"https:\/\/ukrainistika.ffzg.unizg.hr\/index.php?rest_route=\/wp\/v2\/users\/1"}],"replies":[{"embeddable":true,"href":"https:\/\/ukrainistika.ffzg.unizg.hr\/index.php?rest_route=%2Fwp%2Fv2%2Fcomments&post=10"}],"version-history":[{"count":58,"href":"https:\/\/ukrainistika.ffzg.unizg.hr\/index.php?rest_route=\/wp\/v2\/pages\/10\/revisions"}],"predecessor-version":[{"id":3120,"href":"https:\/\/ukrainistika.ffzg.unizg.hr\/index.php?rest_route=\/wp\/v2\/pages\/10\/revisions\/3120"}],"wp:attachment":[{"href":"https:\/\/ukrainistika.ffzg.unizg.hr\/index.php?rest_route=%2Fwp%2Fv2%2Fmedia&parent=10"}],"curies":[{"name":"wp","href":"https:\/\/api.w.org\/{rel}","templated":true}]}}