{"id":1044,"date":"2014-07-03T09:48:05","date_gmt":"2014-07-03T07:48:05","guid":{"rendered":"https:\/\/ukrainistika.ffzg.unizg.hr\/?page_id=1044"},"modified":"2015-11-20T15:51:52","modified_gmt":"2015-11-20T13:51:52","slug":"10-obljetnica-katedre-za-ukrajinski-jezik-i-knjizevnost","status":"publish","type":"page","link":"https:\/\/ukrainistika.ffzg.unizg.hr\/?page_id=1044","title":{"rendered":"Fotogalerija"},"content":{"rendered":"<p><strong><em><span style=\"text-decoration: underline;\">Gostuju\u0107e predavanje poznatog ukrajinskog knji\u017eevnika Jurija Andruhovi\u010da, 05.11.2015.<br \/>\n<\/span><\/em><\/strong><!--more--><\/p>\n<p><a href=\"https:\/\/ukrainistika.ffzg.unizg.hr\/wp-content\/uploads\/2015\/11\/And8.jpg\"><img loading=\"lazy\" decoding=\"async\" class=\"alignleft size-full wp-image-1671\" src=\"https:\/\/ukrainistika.ffzg.unizg.hr\/wp-content\/uploads\/2015\/11\/And8.jpg\" alt=\"And8\" width=\"1245\" height=\"934\" srcset=\"https:\/\/ukrainistika.ffzg.unizg.hr\/wp-content\/uploads\/2015\/11\/And8.jpg 1245w, https:\/\/ukrainistika.ffzg.unizg.hr\/wp-content\/uploads\/2015\/11\/And8-300x225.jpg 300w, https:\/\/ukrainistika.ffzg.unizg.hr\/wp-content\/uploads\/2015\/11\/And8-1024x768.jpg 1024w, https:\/\/ukrainistika.ffzg.unizg.hr\/wp-content\/uploads\/2015\/11\/And8-624x468.jpg 624w\" sizes=\"(max-width: 1245px) 100vw, 1245px\" \/><\/a><\/p>\n<p><a href=\"https:\/\/ukrainistika.ffzg.unizg.hr\/wp-content\/uploads\/2015\/11\/And1.jpg\"><img loading=\"lazy\" decoding=\"async\" class=\"alignleft size-full wp-image-1685\" src=\"https:\/\/ukrainistika.ffzg.unizg.hr\/wp-content\/uploads\/2015\/11\/And1.jpg\" alt=\"And1\" width=\"1613\" height=\"1210\" srcset=\"https:\/\/ukrainistika.ffzg.unizg.hr\/wp-content\/uploads\/2015\/11\/And1.jpg 1613w, https:\/\/ukrainistika.ffzg.unizg.hr\/wp-content\/uploads\/2015\/11\/And1-300x225.jpg 300w, https:\/\/ukrainistika.ffzg.unizg.hr\/wp-content\/uploads\/2015\/11\/And1-1024x768.jpg 1024w, https:\/\/ukrainistika.ffzg.unizg.hr\/wp-content\/uploads\/2015\/11\/And1-624x468.jpg 624w\" sizes=\"(max-width: 1613px) 100vw, 1613px\" \/><\/a><\/p>\n<p>&nbsp;<\/p>\n<p><a href=\"https:\/\/ukrainistika.ffzg.unizg.hr\/wp-content\/uploads\/2015\/11\/And2.jpg\"><img loading=\"lazy\" decoding=\"async\" class=\"alignleft size-full wp-image-1684\" src=\"https:\/\/ukrainistika.ffzg.unizg.hr\/wp-content\/uploads\/2015\/11\/And2.jpg\" alt=\"And2\" width=\"1383\" height=\"1037\" srcset=\"https:\/\/ukrainistika.ffzg.unizg.hr\/wp-content\/uploads\/2015\/11\/And2.jpg 1383w, https:\/\/ukrainistika.ffzg.unizg.hr\/wp-content\/uploads\/2015\/11\/And2-300x225.jpg 300w, https:\/\/ukrainistika.ffzg.unizg.hr\/wp-content\/uploads\/2015\/11\/And2-1024x768.jpg 1024w, https:\/\/ukrainistika.ffzg.unizg.hr\/wp-content\/uploads\/2015\/11\/And2-624x468.jpg 624w\" sizes=\"(max-width: 1383px) 100vw, 1383px\" \/><\/a><\/p>\n<p>&nbsp;<\/p>\n<p><a href=\"https:\/\/ukrainistika.ffzg.unizg.hr\/wp-content\/uploads\/2015\/11\/And5.jpg\"><img loading=\"lazy\" decoding=\"async\" class=\"alignleft size-full wp-image-1682\" src=\"https:\/\/ukrainistika.ffzg.unizg.hr\/wp-content\/uploads\/2015\/11\/And5.jpg\" alt=\"And5\" width=\"1383\" height=\"1037\" srcset=\"https:\/\/ukrainistika.ffzg.unizg.hr\/wp-content\/uploads\/2015\/11\/And5.jpg 1383w, https:\/\/ukrainistika.ffzg.unizg.hr\/wp-content\/uploads\/2015\/11\/And5-300x225.jpg 300w, https:\/\/ukrainistika.ffzg.unizg.hr\/wp-content\/uploads\/2015\/11\/And5-1024x768.jpg 1024w, https:\/\/ukrainistika.ffzg.unizg.hr\/wp-content\/uploads\/2015\/11\/And5-624x468.jpg 624w\" sizes=\"(max-width: 1383px) 100vw, 1383px\" \/><\/a><\/p>\n<p>&nbsp;<\/p>\n<p><a href=\"https:\/\/ukrainistika.ffzg.unizg.hr\/wp-content\/uploads\/2015\/11\/And7.jpg\"><img loading=\"lazy\" decoding=\"async\" class=\"alignleft size-full wp-image-1678\" src=\"https:\/\/ukrainistika.ffzg.unizg.hr\/wp-content\/uploads\/2015\/11\/And7.jpg\" alt=\"And7\" width=\"1383\" height=\"1037\" srcset=\"https:\/\/ukrainistika.ffzg.unizg.hr\/wp-content\/uploads\/2015\/11\/And7.jpg 1383w, https:\/\/ukrainistika.ffzg.unizg.hr\/wp-content\/uploads\/2015\/11\/And7-300x225.jpg 300w, https:\/\/ukrainistika.ffzg.unizg.hr\/wp-content\/uploads\/2015\/11\/And7-1024x768.jpg 1024w, https:\/\/ukrainistika.ffzg.unizg.hr\/wp-content\/uploads\/2015\/11\/And7-624x468.jpg 624w\" sizes=\"(max-width: 1383px) 100vw, 1383px\" \/><\/a><\/p>\n<p>&nbsp;<\/p>\n<p><a href=\"https:\/\/ukrainistika.ffzg.unizg.hr\/wp-content\/uploads\/2015\/11\/And9.jpg\"><img loading=\"lazy\" decoding=\"async\" class=\"alignleft size-full wp-image-1677\" src=\"https:\/\/ukrainistika.ffzg.unizg.hr\/wp-content\/uploads\/2015\/11\/And9.jpg\" alt=\"And9\" width=\"1383\" height=\"1037\" srcset=\"https:\/\/ukrainistika.ffzg.unizg.hr\/wp-content\/uploads\/2015\/11\/And9.jpg 1383w, https:\/\/ukrainistika.ffzg.unizg.hr\/wp-content\/uploads\/2015\/11\/And9-300x225.jpg 300w, https:\/\/ukrainistika.ffzg.unizg.hr\/wp-content\/uploads\/2015\/11\/And9-1024x768.jpg 1024w, https:\/\/ukrainistika.ffzg.unizg.hr\/wp-content\/uploads\/2015\/11\/And9-624x468.jpg 624w\" sizes=\"(max-width: 1383px) 100vw, 1383px\" \/><\/a><\/p>\n<p>&nbsp;<\/p>\n<p><a href=\"https:\/\/ukrainistika.ffzg.unizg.hr\/wp-content\/uploads\/2015\/11\/And13.jpg\"><img loading=\"lazy\" decoding=\"async\" class=\"alignleft size-full wp-image-1675\" src=\"https:\/\/ukrainistika.ffzg.unizg.hr\/wp-content\/uploads\/2015\/11\/And13.jpg\" alt=\"And13\" width=\"1383\" height=\"1037\" srcset=\"https:\/\/ukrainistika.ffzg.unizg.hr\/wp-content\/uploads\/2015\/11\/And13.jpg 1383w, https:\/\/ukrainistika.ffzg.unizg.hr\/wp-content\/uploads\/2015\/11\/And13-300x225.jpg 300w, https:\/\/ukrainistika.ffzg.unizg.hr\/wp-content\/uploads\/2015\/11\/And13-1024x768.jpg 1024w, https:\/\/ukrainistika.ffzg.unizg.hr\/wp-content\/uploads\/2015\/11\/And13-624x468.jpg 624w\" sizes=\"(max-width: 1383px) 100vw, 1383px\" \/><\/a><\/p>\n<p>&nbsp;<\/p>\n<p><a href=\"https:\/\/ukrainistika.ffzg.unizg.hr\/wp-content\/uploads\/2015\/11\/And15.jpg\"><img loading=\"lazy\" decoding=\"async\" class=\"alignleft size-full wp-image-1673\" src=\"https:\/\/ukrainistika.ffzg.unizg.hr\/wp-content\/uploads\/2015\/11\/And15.jpg\" alt=\"And15\" width=\"1383\" height=\"1037\" srcset=\"https:\/\/ukrainistika.ffzg.unizg.hr\/wp-content\/uploads\/2015\/11\/And15.jpg 1383w, https:\/\/ukrainistika.ffzg.unizg.hr\/wp-content\/uploads\/2015\/11\/And15-300x225.jpg 300w, https:\/\/ukrainistika.ffzg.unizg.hr\/wp-content\/uploads\/2015\/11\/And15-1024x768.jpg 1024w, https:\/\/ukrainistika.ffzg.unizg.hr\/wp-content\/uploads\/2015\/11\/And15-624x468.jpg 624w\" sizes=\"(max-width: 1383px) 100vw, 1383px\" \/><\/a><\/p>\n<p>&nbsp;<\/p>\n<p><a href=\"https:\/\/ukrainistika.ffzg.unizg.hr\/wp-content\/uploads\/2015\/11\/And16.jpg\"><img loading=\"lazy\" decoding=\"async\" class=\"alignleft size-full wp-image-1672\" src=\"https:\/\/ukrainistika.ffzg.unizg.hr\/wp-content\/uploads\/2015\/11\/And16.jpg\" alt=\"And16\" width=\"1613\" height=\"1210\" srcset=\"https:\/\/ukrainistika.ffzg.unizg.hr\/wp-content\/uploads\/2015\/11\/And16.jpg 1613w, https:\/\/ukrainistika.ffzg.unizg.hr\/wp-content\/uploads\/2015\/11\/And16-300x225.jpg 300w, https:\/\/ukrainistika.ffzg.unizg.hr\/wp-content\/uploads\/2015\/11\/And16-1024x768.jpg 1024w, https:\/\/ukrainistika.ffzg.unizg.hr\/wp-content\/uploads\/2015\/11\/And16-624x468.jpg 624w\" sizes=\"(max-width: 1613px) 100vw, 1613px\" \/><\/a><\/p>\n<p>&nbsp;<\/p>\n<p>&nbsp;<\/p>\n<hr \/>\n<p>&nbsp;<\/p>\n<p><a href=\"https:\/\/ukrainistika.ffzg.unizg.hr\/wp-content\/uploads\/2014\/07\/IMG_0705.jpg\">10.obljetnica Katedre za ukrajinski jezik i knji\u017eevnost 2007. god;<br \/>\n<\/a><a href=\"https:\/\/ukrainistika.ffzg.unizg.hr\/wp-content\/uploads\/2014\/07\/IMG_0705.jpg\">Dodjela nagrada akadem. A Menac i akadem. A. Flakeru 2008. god. <\/a><!--more--><\/p>\n<p><a href=\"https:\/\/ukrainistika.ffzg.unizg.hr\/wp-content\/uploads\/2014\/07\/IMG_0705.jpg\"><img loading=\"lazy\" decoding=\"async\" class=\"alignleft size-full wp-image-1039\" src=\"https:\/\/ukrainistika.ffzg.unizg.hr\/wp-content\/uploads\/2014\/07\/IMG_0705.jpg\" alt=\"IMG_0705\" width=\"2816\" height=\"2112\" srcset=\"https:\/\/ukrainistika.ffzg.unizg.hr\/wp-content\/uploads\/2014\/07\/IMG_0705.jpg 2816w, https:\/\/ukrainistika.ffzg.unizg.hr\/wp-content\/uploads\/2014\/07\/IMG_0705-300x225.jpg 300w, https:\/\/ukrainistika.ffzg.unizg.hr\/wp-content\/uploads\/2014\/07\/IMG_0705-1024x768.jpg 1024w, https:\/\/ukrainistika.ffzg.unizg.hr\/wp-content\/uploads\/2014\/07\/IMG_0705-400x300.jpg 400w\" sizes=\"(max-width: 2816px) 100vw, 2816px\" \/><\/a><a href=\"https:\/\/ukrainistika.ffzg.unizg.hr\/wp-content\/uploads\/2014\/07\/IMG_0709.jpg\"><img loading=\"lazy\" decoding=\"async\" class=\"alignleft size-full wp-image-1040\" src=\"https:\/\/ukrainistika.ffzg.unizg.hr\/wp-content\/uploads\/2014\/07\/IMG_0709.jpg\" alt=\"IMG_0709\" width=\"2816\" height=\"2112\" srcset=\"https:\/\/ukrainistika.ffzg.unizg.hr\/wp-content\/uploads\/2014\/07\/IMG_0709.jpg 2816w, https:\/\/ukrainistika.ffzg.unizg.hr\/wp-content\/uploads\/2014\/07\/IMG_0709-300x225.jpg 300w, https:\/\/ukrainistika.ffzg.unizg.hr\/wp-content\/uploads\/2014\/07\/IMG_0709-1024x768.jpg 1024w, https:\/\/ukrainistika.ffzg.unizg.hr\/wp-content\/uploads\/2014\/07\/IMG_0709-400x300.jpg 400w\" sizes=\"(max-width: 2816px) 100vw, 2816px\" \/><\/a><a href=\"https:\/\/ukrainistika.ffzg.unizg.hr\/wp-content\/uploads\/2014\/07\/IMG_0711.jpg\"><img loading=\"lazy\" decoding=\"async\" class=\"alignleft size-full wp-image-1041\" src=\"https:\/\/ukrainistika.ffzg.unizg.hr\/wp-content\/uploads\/2014\/07\/IMG_0711.jpg\" alt=\"IMG_0711\" width=\"2112\" height=\"2816\" srcset=\"https:\/\/ukrainistika.ffzg.unizg.hr\/wp-content\/uploads\/2014\/07\/IMG_0711.jpg 2112w, https:\/\/ukrainistika.ffzg.unizg.hr\/wp-content\/uploads\/2014\/07\/IMG_0711-225x300.jpg 225w, https:\/\/ukrainistika.ffzg.unizg.hr\/wp-content\/uploads\/2014\/07\/IMG_0711-768x1024.jpg 768w\" sizes=\"(max-width: 2112px) 100vw, 2112px\" \/><\/a><a href=\"https:\/\/ukrainistika.ffzg.unizg.hr\/wp-content\/uploads\/2014\/07\/IMG_0712.jpg\"><img loading=\"lazy\" decoding=\"async\" class=\"alignleft size-full wp-image-1042\" src=\"https:\/\/ukrainistika.ffzg.unizg.hr\/wp-content\/uploads\/2014\/07\/IMG_0712.jpg\" alt=\"IMG_0712\" width=\"2816\" height=\"2112\" srcset=\"https:\/\/ukrainistika.ffzg.unizg.hr\/wp-content\/uploads\/2014\/07\/IMG_0712.jpg 2816w, https:\/\/ukrainistika.ffzg.unizg.hr\/wp-content\/uploads\/2014\/07\/IMG_0712-300x225.jpg 300w, https:\/\/ukrainistika.ffzg.unizg.hr\/wp-content\/uploads\/2014\/07\/IMG_0712-1024x768.jpg 1024w, https:\/\/ukrainistika.ffzg.unizg.hr\/wp-content\/uploads\/2014\/07\/IMG_0712-400x300.jpg 400w\" sizes=\"(max-width: 2816px) 100vw, 2816px\" \/><\/a><a href=\"https:\/\/ukrainistika.ffzg.unizg.hr\/wp-content\/uploads\/2014\/07\/IMG_0713.jpg\"><img loading=\"lazy\" decoding=\"async\" class=\"alignleft size-full wp-image-1043\" src=\"https:\/\/ukrainistika.ffzg.unizg.hr\/wp-content\/uploads\/2014\/07\/IMG_0713.jpg\" alt=\"IMG_0713\" width=\"2112\" height=\"2816\" srcset=\"https:\/\/ukrainistika.ffzg.unizg.hr\/wp-content\/uploads\/2014\/07\/IMG_0713.jpg 2112w, https:\/\/ukrainistika.ffzg.unizg.hr\/wp-content\/uploads\/2014\/07\/IMG_0713-225x300.jpg 225w, https:\/\/ukrainistika.ffzg.unizg.hr\/wp-content\/uploads\/2014\/07\/IMG_0713-768x1024.jpg 768w\" sizes=\"(max-width: 2112px) 100vw, 2112px\" \/><\/a><a href=\"https:\/\/ukrainistika.ffzg.unizg.hr\/wp-content\/uploads\/2014\/07\/IMG_0683.jpg\"><img loading=\"lazy\" decoding=\"async\" class=\"alignleft size-full wp-image-1037\" src=\"https:\/\/ukrainistika.ffzg.unizg.hr\/wp-content\/uploads\/2014\/07\/IMG_0683.jpg\" alt=\"IMG_0683\" width=\"2816\" height=\"2112\" srcset=\"https:\/\/ukrainistika.ffzg.unizg.hr\/wp-content\/uploads\/2014\/07\/IMG_0683.jpg 2816w, https:\/\/ukrainistika.ffzg.unizg.hr\/wp-content\/uploads\/2014\/07\/IMG_0683-300x225.jpg 300w, https:\/\/ukrainistika.ffzg.unizg.hr\/wp-content\/uploads\/2014\/07\/IMG_0683-1024x768.jpg 1024w, https:\/\/ukrainistika.ffzg.unizg.hr\/wp-content\/uploads\/2014\/07\/IMG_0683-400x300.jpg 400w\" sizes=\"(max-width: 2816px) 100vw, 2816px\" \/><\/a><a href=\"https:\/\/ukrainistika.ffzg.unizg.hr\/wp-content\/uploads\/2014\/07\/IMG_0697.jpg\"><img loading=\"lazy\" decoding=\"async\" class=\"alignleft size-full wp-image-1038\" src=\"https:\/\/ukrainistika.ffzg.unizg.hr\/wp-content\/uploads\/2014\/07\/IMG_0697.jpg\" alt=\"IMG_0697\" width=\"2816\" height=\"2112\" srcset=\"https:\/\/ukrainistika.ffzg.unizg.hr\/wp-content\/uploads\/2014\/07\/IMG_0697.jpg 2816w, https:\/\/ukrainistika.ffzg.unizg.hr\/wp-content\/uploads\/2014\/07\/IMG_0697-300x225.jpg 300w, https:\/\/ukrainistika.ffzg.unizg.hr\/wp-content\/uploads\/2014\/07\/IMG_0697-1024x768.jpg 1024w, https:\/\/ukrainistika.ffzg.unizg.hr\/wp-content\/uploads\/2014\/07\/IMG_0697-400x300.jpg 400w\" sizes=\"(max-width: 2816px) 100vw, 2816px\" \/><\/a><a href=\"https:\/\/ukrainistika.ffzg.unizg.hr\/wp-content\/uploads\/2014\/07\/IMG_0441.jpg\"><img loading=\"lazy\" decoding=\"async\" class=\"alignleft size-full wp-image-1036\" src=\"https:\/\/ukrainistika.ffzg.unizg.hr\/wp-content\/uploads\/2014\/07\/IMG_0441.jpg\" alt=\"IMG_0441\" width=\"2816\" height=\"2112\" srcset=\"https:\/\/ukrainistika.ffzg.unizg.hr\/wp-content\/uploads\/2014\/07\/IMG_0441.jpg 2816w, https:\/\/ukrainistika.ffzg.unizg.hr\/wp-content\/uploads\/2014\/07\/IMG_0441-300x225.jpg 300w, https:\/\/ukrainistika.ffzg.unizg.hr\/wp-content\/uploads\/2014\/07\/IMG_0441-1024x768.jpg 1024w, https:\/\/ukrainistika.ffzg.unizg.hr\/wp-content\/uploads\/2014\/07\/IMG_0441-400x300.jpg 400w\" sizes=\"(max-width: 2816px) 100vw, 2816px\" \/><\/a><a href=\"https:\/\/ukrainistika.ffzg.unizg.hr\/wp-content\/uploads\/2014\/07\/IMG_0436.jpg\"><img loading=\"lazy\" decoding=\"async\" class=\"alignleft size-full wp-image-1035\" src=\"https:\/\/ukrainistika.ffzg.unizg.hr\/wp-content\/uploads\/2014\/07\/IMG_0436.jpg\" alt=\"IMG_0436\" width=\"2112\" height=\"2816\" srcset=\"https:\/\/ukrainistika.ffzg.unizg.hr\/wp-content\/uploads\/2014\/07\/IMG_0436.jpg 2112w, https:\/\/ukrainistika.ffzg.unizg.hr\/wp-content\/uploads\/2014\/07\/IMG_0436-225x300.jpg 225w, https:\/\/ukrainistika.ffzg.unizg.hr\/wp-content\/uploads\/2014\/07\/IMG_0436-768x1024.jpg 768w\" sizes=\"(max-width: 2112px) 100vw, 2112px\" \/><\/a><a href=\"https:\/\/ukrainistika.ffzg.unizg.hr\/wp-content\/uploads\/2014\/07\/IMG_04201.jpg\"><img loading=\"lazy\" decoding=\"async\" class=\"alignleft size-full wp-image-1034\" src=\"https:\/\/ukrainistika.ffzg.unizg.hr\/wp-content\/uploads\/2014\/07\/IMG_04201.jpg\" alt=\"IMG_0420\" width=\"2816\" height=\"2112\" srcset=\"https:\/\/ukrainistika.ffzg.unizg.hr\/wp-content\/uploads\/2014\/07\/IMG_04201.jpg 2816w, https:\/\/ukrainistika.ffzg.unizg.hr\/wp-content\/uploads\/2014\/07\/IMG_04201-300x225.jpg 300w, https:\/\/ukrainistika.ffzg.unizg.hr\/wp-content\/uploads\/2014\/07\/IMG_04201-1024x768.jpg 1024w, https:\/\/ukrainistika.ffzg.unizg.hr\/wp-content\/uploads\/2014\/07\/IMG_04201-400x300.jpg 400w\" sizes=\"(max-width: 2816px) 100vw, 2816px\" \/><\/a><a href=\"https:\/\/ukrainistika.ffzg.unizg.hr\/wp-content\/uploads\/2014\/07\/IMG_0420.jpg\"><img loading=\"lazy\" decoding=\"async\" class=\"alignleft size-full wp-image-1033\" src=\"https:\/\/ukrainistika.ffzg.unizg.hr\/wp-content\/uploads\/2014\/07\/IMG_0420.jpg\" alt=\"IMG_0420\" width=\"2816\" height=\"2112\" srcset=\"https:\/\/ukrainistika.ffzg.unizg.hr\/wp-content\/uploads\/2014\/07\/IMG_0420.jpg 2816w, https:\/\/ukrainistika.ffzg.unizg.hr\/wp-content\/uploads\/2014\/07\/IMG_0420-300x225.jpg 300w, https:\/\/ukrainistika.ffzg.unizg.hr\/wp-content\/uploads\/2014\/07\/IMG_0420-1024x768.jpg 1024w, https:\/\/ukrainistika.ffzg.unizg.hr\/wp-content\/uploads\/2014\/07\/IMG_0420-400x300.jpg 400w\" sizes=\"(max-width: 2816px) 100vw, 2816px\" \/><\/a><a href=\"https:\/\/ukrainistika.ffzg.unizg.hr\/wp-content\/uploads\/2014\/07\/IMG_0417.jpg\"><img loading=\"lazy\" decoding=\"async\" class=\"alignleft size-full wp-image-1032\" src=\"https:\/\/ukrainistika.ffzg.unizg.hr\/wp-content\/uploads\/2014\/07\/IMG_0417.jpg\" alt=\"IMG_0417\" width=\"2816\" height=\"2112\" srcset=\"https:\/\/ukrainistika.ffzg.unizg.hr\/wp-content\/uploads\/2014\/07\/IMG_0417.jpg 2816w, https:\/\/ukrainistika.ffzg.unizg.hr\/wp-content\/uploads\/2014\/07\/IMG_0417-300x225.jpg 300w, https:\/\/ukrainistika.ffzg.unizg.hr\/wp-content\/uploads\/2014\/07\/IMG_0417-1024x768.jpg 1024w, https:\/\/ukrainistika.ffzg.unizg.hr\/wp-content\/uploads\/2014\/07\/IMG_0417-400x300.jpg 400w\" sizes=\"(max-width: 2816px) 100vw, 2816px\" \/><\/a><a href=\"https:\/\/ukrainistika.ffzg.unizg.hr\/wp-content\/uploads\/2014\/07\/IMG_0412.jpg\"><img loading=\"lazy\" decoding=\"async\" class=\"alignleft size-full wp-image-1031\" src=\"https:\/\/ukrainistika.ffzg.unizg.hr\/wp-content\/uploads\/2014\/07\/IMG_0412.jpg\" alt=\"IMG_0412\" width=\"2816\" height=\"2112\" srcset=\"https:\/\/ukrainistika.ffzg.unizg.hr\/wp-content\/uploads\/2014\/07\/IMG_0412.jpg 2816w, https:\/\/ukrainistika.ffzg.unizg.hr\/wp-content\/uploads\/2014\/07\/IMG_0412-300x225.jpg 300w, https:\/\/ukrainistika.ffzg.unizg.hr\/wp-content\/uploads\/2014\/07\/IMG_0412-1024x768.jpg 1024w, https:\/\/ukrainistika.ffzg.unizg.hr\/wp-content\/uploads\/2014\/07\/IMG_0412-400x300.jpg 400w\" sizes=\"(max-width: 2816px) 100vw, 2816px\" \/><\/a><a href=\"https:\/\/ukrainistika.ffzg.unizg.hr\/wp-content\/uploads\/2014\/07\/IMG_0409.jpg\"><img loading=\"lazy\" decoding=\"async\" class=\"alignleft size-full wp-image-1030\" src=\"https:\/\/ukrainistika.ffzg.unizg.hr\/wp-content\/uploads\/2014\/07\/IMG_0409.jpg\" alt=\"IMG_0409\" width=\"2816\" height=\"2112\" srcset=\"https:\/\/ukrainistika.ffzg.unizg.hr\/wp-content\/uploads\/2014\/07\/IMG_0409.jpg 2816w, https:\/\/ukrainistika.ffzg.unizg.hr\/wp-content\/uploads\/2014\/07\/IMG_0409-300x225.jpg 300w, https:\/\/ukrainistika.ffzg.unizg.hr\/wp-content\/uploads\/2014\/07\/IMG_0409-1024x768.jpg 1024w, https:\/\/ukrainistika.ffzg.unizg.hr\/wp-content\/uploads\/2014\/07\/IMG_0409-400x300.jpg 400w\" sizes=\"(max-width: 2816px) 100vw, 2816px\" \/><\/a><!--more--><!--more--><\/p>\n","protected":false},"excerpt":{"rendered":"<p>Gostuju\u0107e predavanje poznatog ukrajinskog knji\u017eevnika Jurija Andruhovi\u010da, 05.11.2015.<\/p>\n","protected":false},"author":3,"featured_media":0,"parent":0,"menu_order":0,"comment_status":"closed","ping_status":"open","template":"","meta":{"footnotes":""},"class_list":["post-1044","page","type-page","status-publish","hentry"],"_links":{"self":[{"href":"https:\/\/ukrainistika.ffzg.unizg.hr\/index.php?rest_route=\/wp\/v2\/pages\/1044"}],"collection":[{"href":"https:\/\/ukrainistika.ffzg.unizg.hr\/index.php?rest_route=\/wp\/v2\/pages"}],"about":[{"href":"https:\/\/ukrainistika.ffzg.unizg.hr\/index.php?rest_route=\/wp\/v2\/types\/page"}],"author":[{"embeddable":true,"href":"https:\/\/ukrainistika.ffzg.unizg.hr\/index.php?rest_route=\/wp\/v2\/users\/3"}],"replies":[{"embeddable":true,"href":"https:\/\/ukrainistika.ffzg.unizg.hr\/index.php?rest_route=%2Fwp%2Fv2%2Fcomments&post=1044"}],"version-history":[{"count":7,"href":"https:\/\/ukrainistika.ffzg.unizg.hr\/index.php?rest_route=\/wp\/v2\/pages\/1044\/revisions"}],"predecessor-version":[{"id":1688,"href":"https:\/\/ukrainistika.ffzg.unizg.hr\/index.php?rest_route=\/wp\/v2\/pages\/1044\/revisions\/1688"}],"wp:attachment":[{"href":"https:\/\/ukrainistika.ffzg.unizg.hr\/index.php?rest_route=%2Fwp%2Fv2%2Fmedia&parent=1044"}],"curies":[{"name":"wp","href":"https:\/\/api.w.org\/{rel}","templated":true}]}}