{"id":12,"date":"2013-04-08T16:54:52","date_gmt":"2013-04-08T14:54:52","guid":{"rendered":"http:\/\/wp.ffzg.unizg.hr\/ukrajinistika-proba\/?page_id=12"},"modified":"2014-11-09T15:53:35","modified_gmt":"2014-11-09T13:53:35","slug":"programi-studija","status":"publish","type":"page","link":"https:\/\/ukrainistika.ffzg.unizg.hr\/?page_id=12","title":{"rendered":"Program studija"},"content":{"rendered":"<p>&nbsp;<\/p>\n<p><a title=\"Program preddiplomskog studija\" href=\"https:\/\/ukrainistika.ffzg.unizg.hr\/wp-content\/uploads\/2014\/04\/Program-studija-ukrajinistika20072008.doc\">Program dvopredmetnog studija ukrajinsitike (4+1) ak. god. 2005.\/2006.<\/a><\/p>\n<p style=\"padding-left: 30px;\"><a title=\"Izmjene preddiplomskog programa\" href=\"https:\/\/ukrainistika.ffzg.unizg.hr\/wp-content\/uploads\/2013\/04\/izmjene-preddiplomski-studij-ukrajinistike.doc\" target=\"_blank\">Izmjene preddiplomskog programa<\/a><\/p>\n<p style=\"padding-left: 30px;\"><a title=\"Pro\u010di\u0161\u0107eni program diplomskog studija 2013.\/2014.\" href=\"https:\/\/ukrainistika.ffzg.unizg.hr\/wp-content\/uploads\/2014\/04\/PROGRAM_PROCISCENI_DIPL_UKR_2014.docx\">Broj dopusnice programa preddiploskog studija<\/a><\/p>\n<p style=\"padding-left: 30px;\"><a title=\"Pro\u010di\u0161\u0107eni program diplomskog studija 2013.\/2014.\" href=\"https:\/\/ukrainistika.ffzg.unizg.hr\/wp-content\/uploads\/2014\/04\/PROGRAM_PROCISCENI_DIPL_UKR_2014.docx\">Pro\u010di\u0161\u0107eni program diplomskog studija 2013.\/2014<\/a><\/p>\n<p style=\"padding-left: 30px;\"><a href=\"https:\/\/ukrainistika.ffzg.unizg.hr\/wp-content\/uploads\/2014\/10\/DOPUSNICA_DIPL-_UKR-2.pdf\">Broj dopusnice programa diplomskog studija<\/a><\/p>\n","protected":false},"excerpt":{"rendered":"<p>&nbsp; Program dvopredmetnog studija ukrajinsitike (4+1) ak. god. 2005.\/2006. Izmjene preddiplomskog programa Broj dopusnice programa preddiploskog studija Pro\u010di\u0161\u0107eni program diplomskog studija 2013.\/2014 Broj dopusnice programa diplomskog studija<\/p>\n","protected":false},"author":1,"featured_media":0,"parent":0,"menu_order":4,"comment_status":"closed","ping_status":"closed","template":"","meta":{"footnotes":""},"class_list":["post-12","page","type-page","status-publish","hentry"],"_links":{"self":[{"href":"https:\/\/ukrainistika.ffzg.unizg.hr\/index.php?rest_route=\/wp\/v2\/pages\/12"}],"collection":[{"href":"https:\/\/ukrainistika.ffzg.unizg.hr\/index.php?rest_route=\/wp\/v2\/pages"}],"about":[{"href":"https:\/\/ukrainistika.ffzg.unizg.hr\/index.php?rest_route=\/wp\/v2\/types\/page"}],"author":[{"embeddable":true,"href":"https:\/\/ukrainistika.ffzg.unizg.hr\/index.php?rest_route=\/wp\/v2\/users\/1"}],"replies":[{"embeddable":true,"href":"https:\/\/ukrainistika.ffzg.unizg.hr\/index.php?rest_route=%2Fwp%2Fv2%2Fcomments&post=12"}],"version-history":[{"count":15,"href":"https:\/\/ukrainistika.ffzg.unizg.hr\/index.php?rest_route=\/wp\/v2\/pages\/12\/revisions"}],"predecessor-version":[{"id":1308,"href":"https:\/\/ukrainistika.ffzg.unizg.hr\/index.php?rest_route=\/wp\/v2\/pages\/12\/revisions\/1308"}],"wp:attachment":[{"href":"https:\/\/ukrainistika.ffzg.unizg.hr\/index.php?rest_route=%2Fwp%2Fv2%2Fmedia&parent=12"}],"curies":[{"name":"wp","href":"https:\/\/api.w.org\/{rel}","templated":true}]}}