{"id":14,"date":"2013-04-08T16:56:01","date_gmt":"2013-04-08T14:56:01","guid":{"rendered":"http:\/\/wp.ffzg.unizg.hr\/ukrajinistika-proba\/?page_id=14"},"modified":"2026-02-03T13:00:16","modified_gmt":"2026-02-03T11:00:16","slug":"predavaci","status":"publish","type":"page","link":"https:\/\/ukrainistika.ffzg.unizg.hr\/?page_id=14","title":{"rendered":"Predava\u010di"},"content":{"rendered":"<p><a style=\"font-size: 1rem; color: #0f3647;\" title=\"Dr.sc. Oksana Timko \u00d0itko, izv. prof.\" href=\"\/slaven\/ukrajinistika\/?page_id=152\">Dr. sc. Oksana Timko-\u0110itko, red. prof.<\/a><\/p>\n<p><a title=\"Dr. sc. Tetyana Fuderer, doc.\" href=\"\/slaven\/ukrajinistika\/?page_id=160\" target=\"_blank\" rel=\"noopener\">Dr. sc. Tetyana Fuderer, red. prof.<\/a><\/p>\n<p>Dr.sc. <a title=\"Ana Dugand\u017ei\u0107, lektorica\" href=\"\/slaven\/ukrajinistika\/?page_id=176\">Ana Dugand\u017ei\u0107, docentica (Predstojnica Katedre za ukrajinski jezik i knji\u017eevnost)<\/a><\/p>\n<p><a title=\"Dariya Pavle\u0161en, vi\u0161a lektorica\" href=\"\/slaven\/ukrajinistika\/?page_id=166\">Dr. sc. Dariya Pavle\u0161en, docentica <\/a><\/p>\n<p><a href=\"\/slaven\/ukrajinistika\/?page_id=1154\" target=\"_blank\" rel=\"noopener\">Dr.\u00a0sc. Lesja Petrovska, strana lektorica<\/a><\/p>\n<p><a title=\"Silvija Graljuk, asistentica\" href=\"\/slaven\/ukrajinistika\/?page_id=171\">Dr. sc. Silvija Graljuk, vi\u0161a lektorica<\/a><\/p>\n<p>Dr. sc. <a title=\"Domagoj Kli\u010dek, vanjski suradnik\" href=\"\/slaven\/ukrajinistika\/?page_id=179\">Domagoj Kli\u010dek, poslijedoktorand<\/a><\/p>\n<p><a href=\"https:\/\/ukrainistika.ffzg.unizg.hr\/?page_id=5258\">Pavao Jergovi\u0107, asistent<\/a><\/p>\n","protected":false},"excerpt":{"rendered":"<p>Dr. sc. Oksana Timko-\u0110itko, red. prof. Dr. sc. Tetyana Fuderer, red. prof. Dr.sc. Ana Dugand\u017ei\u0107, docentica (Predstojnica Katedre za ukrajinski jezik i knji\u017eevnost) Dr. sc. Dariya Pavle\u0161en, docentica Dr.\u00a0sc. Lesja Petrovska, strana lektorica Dr. sc. Silvija Graljuk, vi\u0161a lektorica Dr. sc. Domagoj Kli\u010dek, poslijedoktorand Pavao Jergovi\u0107, asistent<\/p>\n","protected":false},"author":1,"featured_media":0,"parent":0,"menu_order":5,"comment_status":"closed","ping_status":"closed","template":"","meta":{"footnotes":""},"class_list":["post-14","page","type-page","status-publish","hentry"],"_links":{"self":[{"href":"https:\/\/ukrainistika.ffzg.unizg.hr\/index.php?rest_route=\/wp\/v2\/pages\/14"}],"collection":[{"href":"https:\/\/ukrainistika.ffzg.unizg.hr\/index.php?rest_route=\/wp\/v2\/pages"}],"about":[{"href":"https:\/\/ukrainistika.ffzg.unizg.hr\/index.php?rest_route=\/wp\/v2\/types\/page"}],"author":[{"embeddable":true,"href":"https:\/\/ukrainistika.ffzg.unizg.hr\/index.php?rest_route=\/wp\/v2\/users\/1"}],"replies":[{"embeddable":true,"href":"https:\/\/ukrainistika.ffzg.unizg.hr\/index.php?rest_route=%2Fwp%2Fv2%2Fcomments&post=14"}],"version-history":[{"count":41,"href":"https:\/\/ukrainistika.ffzg.unizg.hr\/index.php?rest_route=\/wp\/v2\/pages\/14\/revisions"}],"predecessor-version":[{"id":5263,"href":"https:\/\/ukrainistika.ffzg.unizg.hr\/index.php?rest_route=\/wp\/v2\/pages\/14\/revisions\/5263"}],"wp:attachment":[{"href":"https:\/\/ukrainistika.ffzg.unizg.hr\/index.php?rest_route=%2Fwp%2Fv2%2Fmedia&parent=14"}],"curies":[{"name":"wp","href":"https:\/\/api.w.org\/{rel}","templated":true}]}}