{"id":2226,"date":"2017-10-31T10:55:57","date_gmt":"2017-10-31T08:55:57","guid":{"rendered":"https:\/\/ukrainistika.ffzg.unizg.hr\/?page_id=2226"},"modified":"2017-10-31T11:04:20","modified_gmt":"2017-10-31T09:04:20","slug":"2226-2","status":"publish","type":"page","link":"https:\/\/ukrainistika.ffzg.unizg.hr\/?page_id=2226","title":{"rendered":"Komemoracija u spomen na mr. sc. Rajisu Trostinsku"},"content":{"rendered":"<p><a href=\"https:\/\/ukrainistika.ffzg.unizg.hr\/wp-content\/uploads\/2017\/10\/R_Trostinska3.jpg\"><img loading=\"lazy\" decoding=\"async\" class=\"size-full wp-image-2232 aligncenter\" src=\"https:\/\/ukrainistika.ffzg.unizg.hr\/wp-content\/uploads\/2017\/10\/R_Trostinska3.jpg\" alt=\"\" width=\"292\" height=\"356\" srcset=\"https:\/\/ukrainistika.ffzg.unizg.hr\/wp-content\/uploads\/2017\/10\/R_Trostinska3.jpg 292w, https:\/\/ukrainistika.ffzg.unizg.hr\/wp-content\/uploads\/2017\/10\/R_Trostinska3-246x300.jpg 246w\" sizes=\"(max-width: 292px) 100vw, 292px\" \/><\/a><\/p>\n<h2 style=\"text-align: left;\">U spomen na nedavno preminulu mr. sc. Rajisu Trostinsku, v. lektoricu u miru, Odsjek za isto\u010dnoslavenske jezike i knji\u017eevnosti odr\u017eao je komemoraciju u \u010detvrtak 30. o\u017eujka 2017. u 12 sati u Vije\u0107nici Filozofskoga fakulteta Sveu\u010dili\u0161ta u Zagrebu.<\/h2>\n\n\t\t<style type=\"text\/css\">\n\t\t\t#gallery-1 {\n\t\t\t\tmargin: auto;\n\t\t\t}\n\t\t\t#gallery-1 .gallery-item {\n\t\t\t\tfloat: left;\n\t\t\t\tmargin-top: 10px;\n\t\t\t\ttext-align: center;\n\t\t\t\twidth: 50%;\n\t\t\t}\n\t\t\t#gallery-1 img {\n\t\t\t\tborder: 2px solid #cfcfcf;\n\t\t\t}\n\t\t\t#gallery-1 .gallery-caption {\n\t\t\t\tmargin-left: 0;\n\t\t\t}\n\t\t\t\/* see gallery_shortcode() in wp-includes\/media.php *\/\n\t\t<\/style>\n\t\t<div id='gallery-1' class='gallery galleryid-2226 gallery-columns-2 gallery-size-medium'><dl class='gallery-item'>\n\t\t\t<dt class='gallery-icon portrait'>\n\t\t\t\t<a href='https:\/\/ukrainistika.ffzg.unizg.hr\/?attachment_id=2216'><img loading=\"lazy\" decoding=\"async\" width=\"225\" height=\"300\" src=\"https:\/\/ukrainistika.ffzg.unizg.hr\/wp-content\/uploads\/2017\/10\/kom-10-225x300.jpg\" class=\"attachment-medium size-medium\" alt=\"\" srcset=\"https:\/\/ukrainistika.ffzg.unizg.hr\/wp-content\/uploads\/2017\/10\/kom-10-225x300.jpg 225w, https:\/\/ukrainistika.ffzg.unizg.hr\/wp-content\/uploads\/2017\/10\/kom-10-624x832.jpg 624w, https:\/\/ukrainistika.ffzg.unizg.hr\/wp-content\/uploads\/2017\/10\/kom-10.jpg 720w\" sizes=\"(max-width: 225px) 100vw, 225px\" \/><\/a>\n\t\t\t<\/dt><\/dl><dl class='gallery-item'>\n\t\t\t<dt class='gallery-icon landscape'>\n\t\t\t\t<a href='https:\/\/ukrainistika.ffzg.unizg.hr\/?attachment_id=2215'><img loading=\"lazy\" decoding=\"async\" width=\"300\" height=\"225\" src=\"https:\/\/ukrainistika.ffzg.unizg.hr\/wp-content\/uploads\/2017\/10\/kom-11-300x225.jpg\" class=\"attachment-medium size-medium\" alt=\"\" srcset=\"https:\/\/ukrainistika.ffzg.unizg.hr\/wp-content\/uploads\/2017\/10\/kom-11-300x225.jpg 300w, https:\/\/ukrainistika.ffzg.unizg.hr\/wp-content\/uploads\/2017\/10\/kom-11-768x576.jpg 768w, https:\/\/ukrainistika.ffzg.unizg.hr\/wp-content\/uploads\/2017\/10\/kom-11-624x468.jpg 624w, https:\/\/ukrainistika.ffzg.unizg.hr\/wp-content\/uploads\/2017\/10\/kom-11.jpg 960w\" sizes=\"(max-width: 300px) 100vw, 300px\" \/><\/a>\n\t\t\t<\/dt><\/dl><br style=\"clear: both\" \/><dl class='gallery-item'>\n\t\t\t<dt class='gallery-icon landscape'>\n\t\t\t\t<a href='https:\/\/ukrainistika.ffzg.unizg.hr\/?attachment_id=2223'><img loading=\"lazy\" decoding=\"async\" width=\"300\" height=\"225\" src=\"https:\/\/ukrainistika.ffzg.unizg.hr\/wp-content\/uploads\/2017\/10\/kom-3-300x225.jpg\" class=\"attachment-medium size-medium\" alt=\"\" srcset=\"https:\/\/ukrainistika.ffzg.unizg.hr\/wp-content\/uploads\/2017\/10\/kom-3-300x225.jpg 300w, https:\/\/ukrainistika.ffzg.unizg.hr\/wp-content\/uploads\/2017\/10\/kom-3-768x576.jpg 768w, https:\/\/ukrainistika.ffzg.unizg.hr\/wp-content\/uploads\/2017\/10\/kom-3-624x468.jpg 624w, https:\/\/ukrainistika.ffzg.unizg.hr\/wp-content\/uploads\/2017\/10\/kom-3.jpg 960w\" sizes=\"(max-width: 300px) 100vw, 300px\" \/><\/a>\n\t\t\t<\/dt><\/dl><dl class='gallery-item'>\n\t\t\t<dt class='gallery-icon portrait'>\n\t\t\t\t<a href='https:\/\/ukrainistika.ffzg.unizg.hr\/?attachment_id=2218'><img loading=\"lazy\" decoding=\"async\" width=\"225\" height=\"300\" src=\"https:\/\/ukrainistika.ffzg.unizg.hr\/wp-content\/uploads\/2017\/10\/kom-8-225x300.jpg\" class=\"attachment-medium size-medium\" alt=\"\" srcset=\"https:\/\/ukrainistika.ffzg.unizg.hr\/wp-content\/uploads\/2017\/10\/kom-8-225x300.jpg 225w, https:\/\/ukrainistika.ffzg.unizg.hr\/wp-content\/uploads\/2017\/10\/kom-8-624x832.jpg 624w, https:\/\/ukrainistika.ffzg.unizg.hr\/wp-content\/uploads\/2017\/10\/kom-8.jpg 720w\" sizes=\"(max-width: 225px) 100vw, 225px\" \/><\/a>\n\t\t\t<\/dt><\/dl><br style=\"clear: both\" \/><dl class='gallery-item'>\n\t\t\t<dt class='gallery-icon landscape'>\n\t\t\t\t<a href='https:\/\/ukrainistika.ffzg.unizg.hr\/?attachment_id=2210'><img loading=\"lazy\" decoding=\"async\" width=\"300\" height=\"225\" src=\"https:\/\/ukrainistika.ffzg.unizg.hr\/wp-content\/uploads\/2017\/10\/kom-16-300x225.jpg\" class=\"attachment-medium size-medium\" alt=\"\" srcset=\"https:\/\/ukrainistika.ffzg.unizg.hr\/wp-content\/uploads\/2017\/10\/kom-16-300x225.jpg 300w, https:\/\/ukrainistika.ffzg.unizg.hr\/wp-content\/uploads\/2017\/10\/kom-16-768x576.jpg 768w, https:\/\/ukrainistika.ffzg.unizg.hr\/wp-content\/uploads\/2017\/10\/kom-16-624x468.jpg 624w, https:\/\/ukrainistika.ffzg.unizg.hr\/wp-content\/uploads\/2017\/10\/kom-16.jpg 960w\" sizes=\"(max-width: 300px) 100vw, 300px\" \/><\/a>\n\t\t\t<\/dt><\/dl><dl class='gallery-item'>\n\t\t\t<dt class='gallery-icon landscape'>\n\t\t\t\t<a href='https:\/\/ukrainistika.ffzg.unizg.hr\/?attachment_id=2225'><img loading=\"lazy\" decoding=\"async\" width=\"300\" height=\"225\" src=\"https:\/\/ukrainistika.ffzg.unizg.hr\/wp-content\/uploads\/2017\/10\/kom-1-300x225.jpg\" class=\"attachment-medium size-medium\" alt=\"\" srcset=\"https:\/\/ukrainistika.ffzg.unizg.hr\/wp-content\/uploads\/2017\/10\/kom-1-300x225.jpg 300w, https:\/\/ukrainistika.ffzg.unizg.hr\/wp-content\/uploads\/2017\/10\/kom-1-768x576.jpg 768w, https:\/\/ukrainistika.ffzg.unizg.hr\/wp-content\/uploads\/2017\/10\/kom-1-624x468.jpg 624w, https:\/\/ukrainistika.ffzg.unizg.hr\/wp-content\/uploads\/2017\/10\/kom-1.jpg 960w\" sizes=\"(max-width: 300px) 100vw, 300px\" \/><\/a>\n\t\t\t<\/dt><\/dl><br style=\"clear: both\" \/><dl class='gallery-item'>\n\t\t\t<dt class='gallery-icon landscape'>\n\t\t\t\t<a href='https:\/\/ukrainistika.ffzg.unizg.hr\/?attachment_id=2224'><img loading=\"lazy\" decoding=\"async\" width=\"300\" height=\"225\" src=\"https:\/\/ukrainistika.ffzg.unizg.hr\/wp-content\/uploads\/2017\/10\/kom-2-300x225.jpg\" class=\"attachment-medium size-medium\" alt=\"\" srcset=\"https:\/\/ukrainistika.ffzg.unizg.hr\/wp-content\/uploads\/2017\/10\/kom-2-300x225.jpg 300w, https:\/\/ukrainistika.ffzg.unizg.hr\/wp-content\/uploads\/2017\/10\/kom-2-768x576.jpg 768w, https:\/\/ukrainistika.ffzg.unizg.hr\/wp-content\/uploads\/2017\/10\/kom-2-624x468.jpg 624w, https:\/\/ukrainistika.ffzg.unizg.hr\/wp-content\/uploads\/2017\/10\/kom-2.jpg 960w\" sizes=\"(max-width: 300px) 100vw, 300px\" \/><\/a>\n\t\t\t<\/dt><\/dl><dl class='gallery-item'>\n\t\t\t<dt class='gallery-icon landscape'>\n\t\t\t\t<a href='https:\/\/ukrainistika.ffzg.unizg.hr\/?attachment_id=2222'><img loading=\"lazy\" decoding=\"async\" width=\"300\" height=\"225\" src=\"https:\/\/ukrainistika.ffzg.unizg.hr\/wp-content\/uploads\/2017\/10\/kom-4-300x225.jpg\" class=\"attachment-medium size-medium\" alt=\"\" srcset=\"https:\/\/ukrainistika.ffzg.unizg.hr\/wp-content\/uploads\/2017\/10\/kom-4-300x225.jpg 300w, https:\/\/ukrainistika.ffzg.unizg.hr\/wp-content\/uploads\/2017\/10\/kom-4-768x576.jpg 768w, https:\/\/ukrainistika.ffzg.unizg.hr\/wp-content\/uploads\/2017\/10\/kom-4-624x468.jpg 624w, https:\/\/ukrainistika.ffzg.unizg.hr\/wp-content\/uploads\/2017\/10\/kom-4.jpg 960w\" sizes=\"(max-width: 300px) 100vw, 300px\" \/><\/a>\n\t\t\t<\/dt><\/dl><br style=\"clear: both\" \/><dl class='gallery-item'>\n\t\t\t<dt class='gallery-icon landscape'>\n\t\t\t\t<a href='https:\/\/ukrainistika.ffzg.unizg.hr\/?attachment_id=2220'><img loading=\"lazy\" decoding=\"async\" width=\"300\" height=\"225\" src=\"https:\/\/ukrainistika.ffzg.unizg.hr\/wp-content\/uploads\/2017\/10\/kom-6-300x225.jpg\" class=\"attachment-medium size-medium\" alt=\"\" srcset=\"https:\/\/ukrainistika.ffzg.unizg.hr\/wp-content\/uploads\/2017\/10\/kom-6-300x225.jpg 300w, https:\/\/ukrainistika.ffzg.unizg.hr\/wp-content\/uploads\/2017\/10\/kom-6-768x576.jpg 768w, https:\/\/ukrainistika.ffzg.unizg.hr\/wp-content\/uploads\/2017\/10\/kom-6-624x468.jpg 624w, https:\/\/ukrainistika.ffzg.unizg.hr\/wp-content\/uploads\/2017\/10\/kom-6.jpg 960w\" sizes=\"(max-width: 300px) 100vw, 300px\" \/><\/a>\n\t\t\t<\/dt><\/dl><dl class='gallery-item'>\n\t\t\t<dt class='gallery-icon landscape'>\n\t\t\t\t<a href='https:\/\/ukrainistika.ffzg.unizg.hr\/?attachment_id=2219'><img loading=\"lazy\" decoding=\"async\" width=\"300\" height=\"225\" src=\"https:\/\/ukrainistika.ffzg.unizg.hr\/wp-content\/uploads\/2017\/10\/kom-7-300x225.jpg\" class=\"attachment-medium size-medium\" alt=\"\" srcset=\"https:\/\/ukrainistika.ffzg.unizg.hr\/wp-content\/uploads\/2017\/10\/kom-7-300x225.jpg 300w, https:\/\/ukrainistika.ffzg.unizg.hr\/wp-content\/uploads\/2017\/10\/kom-7-768x576.jpg 768w, https:\/\/ukrainistika.ffzg.unizg.hr\/wp-content\/uploads\/2017\/10\/kom-7-624x468.jpg 624w, https:\/\/ukrainistika.ffzg.unizg.hr\/wp-content\/uploads\/2017\/10\/kom-7.jpg 960w\" sizes=\"(max-width: 300px) 100vw, 300px\" \/><\/a>\n\t\t\t<\/dt><\/dl><br style=\"clear: both\" \/><dl class='gallery-item'>\n\t\t\t<dt class='gallery-icon landscape'>\n\t\t\t\t<a href='https:\/\/ukrainistika.ffzg.unizg.hr\/?attachment_id=2217'><img loading=\"lazy\" decoding=\"async\" width=\"300\" height=\"225\" src=\"https:\/\/ukrainistika.ffzg.unizg.hr\/wp-content\/uploads\/2017\/10\/kom-9-300x225.jpg\" class=\"attachment-medium size-medium\" alt=\"\" srcset=\"https:\/\/ukrainistika.ffzg.unizg.hr\/wp-content\/uploads\/2017\/10\/kom-9-300x225.jpg 300w, https:\/\/ukrainistika.ffzg.unizg.hr\/wp-content\/uploads\/2017\/10\/kom-9-768x576.jpg 768w, https:\/\/ukrainistika.ffzg.unizg.hr\/wp-content\/uploads\/2017\/10\/kom-9-624x468.jpg 624w, https:\/\/ukrainistika.ffzg.unizg.hr\/wp-content\/uploads\/2017\/10\/kom-9.jpg 960w\" sizes=\"(max-width: 300px) 100vw, 300px\" \/><\/a>\n\t\t\t<\/dt><\/dl><dl class='gallery-item'>\n\t\t\t<dt class='gallery-icon landscape'>\n\t\t\t\t<a href='https:\/\/ukrainistika.ffzg.unizg.hr\/?attachment_id=2214'><img loading=\"lazy\" decoding=\"async\" width=\"300\" height=\"225\" src=\"https:\/\/ukrainistika.ffzg.unizg.hr\/wp-content\/uploads\/2017\/10\/kom-12-300x225.jpg\" class=\"attachment-medium size-medium\" alt=\"\" srcset=\"https:\/\/ukrainistika.ffzg.unizg.hr\/wp-content\/uploads\/2017\/10\/kom-12-300x225.jpg 300w, https:\/\/ukrainistika.ffzg.unizg.hr\/wp-content\/uploads\/2017\/10\/kom-12-768x576.jpg 768w, https:\/\/ukrainistika.ffzg.unizg.hr\/wp-content\/uploads\/2017\/10\/kom-12-624x468.jpg 624w, https:\/\/ukrainistika.ffzg.unizg.hr\/wp-content\/uploads\/2017\/10\/kom-12.jpg 960w\" sizes=\"(max-width: 300px) 100vw, 300px\" \/><\/a>\n\t\t\t<\/dt><\/dl><br style=\"clear: both\" \/><dl class='gallery-item'>\n\t\t\t<dt class='gallery-icon landscape'>\n\t\t\t\t<a href='https:\/\/ukrainistika.ffzg.unizg.hr\/?attachment_id=2213'><img loading=\"lazy\" decoding=\"async\" width=\"300\" height=\"225\" src=\"https:\/\/ukrainistika.ffzg.unizg.hr\/wp-content\/uploads\/2017\/10\/kom-13-300x225.jpg\" class=\"attachment-medium size-medium\" alt=\"\" srcset=\"https:\/\/ukrainistika.ffzg.unizg.hr\/wp-content\/uploads\/2017\/10\/kom-13-300x225.jpg 300w, https:\/\/ukrainistika.ffzg.unizg.hr\/wp-content\/uploads\/2017\/10\/kom-13-768x576.jpg 768w, https:\/\/ukrainistika.ffzg.unizg.hr\/wp-content\/uploads\/2017\/10\/kom-13-624x468.jpg 624w, https:\/\/ukrainistika.ffzg.unizg.hr\/wp-content\/uploads\/2017\/10\/kom-13.jpg 960w\" sizes=\"(max-width: 300px) 100vw, 300px\" \/><\/a>\n\t\t\t<\/dt><\/dl><dl class='gallery-item'>\n\t\t\t<dt class='gallery-icon landscape'>\n\t\t\t\t<a href='https:\/\/ukrainistika.ffzg.unizg.hr\/?attachment_id=2212'><img loading=\"lazy\" decoding=\"async\" width=\"300\" height=\"225\" src=\"https:\/\/ukrainistika.ffzg.unizg.hr\/wp-content\/uploads\/2017\/10\/kom-14-300x225.jpg\" class=\"attachment-medium size-medium\" alt=\"\" srcset=\"https:\/\/ukrainistika.ffzg.unizg.hr\/wp-content\/uploads\/2017\/10\/kom-14-300x225.jpg 300w, https:\/\/ukrainistika.ffzg.unizg.hr\/wp-content\/uploads\/2017\/10\/kom-14-768x576.jpg 768w, https:\/\/ukrainistika.ffzg.unizg.hr\/wp-content\/uploads\/2017\/10\/kom-14-624x468.jpg 624w, https:\/\/ukrainistika.ffzg.unizg.hr\/wp-content\/uploads\/2017\/10\/kom-14.jpg 960w\" sizes=\"(max-width: 300px) 100vw, 300px\" \/><\/a>\n\t\t\t<\/dt><\/dl><br style=\"clear: both\" \/><dl class='gallery-item'>\n\t\t\t<dt class='gallery-icon landscape'>\n\t\t\t\t<a href='https:\/\/ukrainistika.ffzg.unizg.hr\/?attachment_id=2221'><img loading=\"lazy\" decoding=\"async\" width=\"300\" height=\"225\" src=\"https:\/\/ukrainistika.ffzg.unizg.hr\/wp-content\/uploads\/2017\/10\/kom-5-300x225.jpg\" class=\"attachment-medium size-medium\" alt=\"\" srcset=\"https:\/\/ukrainistika.ffzg.unizg.hr\/wp-content\/uploads\/2017\/10\/kom-5-300x225.jpg 300w, https:\/\/ukrainistika.ffzg.unizg.hr\/wp-content\/uploads\/2017\/10\/kom-5-768x576.jpg 768w, https:\/\/ukrainistika.ffzg.unizg.hr\/wp-content\/uploads\/2017\/10\/kom-5-624x468.jpg 624w, https:\/\/ukrainistika.ffzg.unizg.hr\/wp-content\/uploads\/2017\/10\/kom-5.jpg 960w\" sizes=\"(max-width: 300px) 100vw, 300px\" \/><\/a>\n\t\t\t<\/dt><\/dl><dl class='gallery-item'>\n\t\t\t<dt class='gallery-icon portrait'>\n\t\t\t\t<a href='https:\/\/ukrainistika.ffzg.unizg.hr\/?attachment_id=2211'><img loading=\"lazy\" decoding=\"async\" width=\"225\" height=\"300\" src=\"https:\/\/ukrainistika.ffzg.unizg.hr\/wp-content\/uploads\/2017\/10\/kom-15-225x300.jpg\" class=\"attachment-medium size-medium\" alt=\"\" srcset=\"https:\/\/ukrainistika.ffzg.unizg.hr\/wp-content\/uploads\/2017\/10\/kom-15-225x300.jpg 225w, https:\/\/ukrainistika.ffzg.unizg.hr\/wp-content\/uploads\/2017\/10\/kom-15-624x832.jpg 624w, https:\/\/ukrainistika.ffzg.unizg.hr\/wp-content\/uploads\/2017\/10\/kom-15.jpg 720w\" sizes=\"(max-width: 225px) 100vw, 225px\" \/><\/a>\n\t\t\t<\/dt><\/dl><br style=\"clear: both\" \/>\n\t\t<\/div>\n\n","protected":false},"excerpt":{"rendered":"<p>U spomen na nedavno preminulu mr. sc. Rajisu Trostinsku, v. lektoricu u miru, Odsjek za isto\u010dnoslavenske jezike i knji\u017eevnosti odr\u017eao je komemoraciju u \u010detvrtak 30. o\u017eujka 2017. u 12 sati u Vije\u0107nici Filozofskoga fakulteta Sveu\u010dili\u0161ta u Zagrebu.<\/p>\n","protected":false},"author":3,"featured_media":0,"parent":0,"menu_order":0,"comment_status":"closed","ping_status":"closed","template":"","meta":{"footnotes":""},"class_list":["post-2226","page","type-page","status-publish","hentry"],"_links":{"self":[{"href":"https:\/\/ukrainistika.ffzg.unizg.hr\/index.php?rest_route=\/wp\/v2\/pages\/2226"}],"collection":[{"href":"https:\/\/ukrainistika.ffzg.unizg.hr\/index.php?rest_route=\/wp\/v2\/pages"}],"about":[{"href":"https:\/\/ukrainistika.ffzg.unizg.hr\/index.php?rest_route=\/wp\/v2\/types\/page"}],"author":[{"embeddable":true,"href":"https:\/\/ukrainistika.ffzg.unizg.hr\/index.php?rest_route=\/wp\/v2\/users\/3"}],"replies":[{"embeddable":true,"href":"https:\/\/ukrainistika.ffzg.unizg.hr\/index.php?rest_route=%2Fwp%2Fv2%2Fcomments&post=2226"}],"version-history":[{"count":7,"href":"https:\/\/ukrainistika.ffzg.unizg.hr\/index.php?rest_route=\/wp\/v2\/pages\/2226\/revisions"}],"predecessor-version":[{"id":2235,"href":"https:\/\/ukrainistika.ffzg.unizg.hr\/index.php?rest_route=\/wp\/v2\/pages\/2226\/revisions\/2235"}],"wp:attachment":[{"href":"https:\/\/ukrainistika.ffzg.unizg.hr\/index.php?rest_route=%2Fwp%2Fv2%2Fmedia&parent=2226"}],"curies":[{"name":"wp","href":"https:\/\/api.w.org\/{rel}","templated":true}]}}