{"id":262,"date":"2013-06-04T22:16:07","date_gmt":"2013-06-04T20:16:07","guid":{"rendered":"http:\/\/wp.ffzg.unizg.hr\/ukrajinistika-proba\/?page_id=262"},"modified":"2021-10-06T23:27:32","modified_gmt":"2021-10-06T21:27:32","slug":"ukrajinska-usmena-knjizevnost","status":"publish","type":"page","link":"https:\/\/ukrainistika.ffzg.unizg.hr\/?page_id=262","title":{"rendered":"Ukrajinska usmena knji\u017eevnost"},"content":{"rendered":"<p><strong>Naziv kolegija:\u00a0<\/strong>Ukrajinska usmena knji\u017eevnost (2021.\/2022.)<\/p>\n<p><strong>ECTS-bodovi:\u00a0<\/strong>2<\/p>\n<p><strong>Jezik:\u00a0hrvatski i<\/strong>\u00a0ukrajinski<\/p>\n<p><strong>Trajanje:\u00a0<\/strong>jedan semestar (I. \u2013 zimski)<\/p>\n<p><strong>Status:\u00a0<\/strong>izborni<\/p>\n<p><strong>Oblik nastave:\u00a0predavanja <\/strong>(2 P)<\/p>\n<p><strong>Nastavnik:<\/strong>\u00a0dr.sc. Dariya Pavle\u0161en<\/p>\n<p><strong>Cilj kolegija:\u00a0<\/strong>Upoznavanje studenata s osnovnim djelima, pojmovima i klasifikacijom ukrajinske usmene knji\u017eevnosti. Kolegij usmjeren na u\u010denje i spoznaju osobitosti nastanka i razvoja ukrajinske usmene knji\u017eevnosti.<\/p>\n<p><strong>Uloga kolegija u ukupnom kurikulumu:\u00a0<\/strong>Kolegij upoznaje s klasifikacijom, teorijom i djelima ukrajinske usmene knji\u017eevnosti, sagledane s pozicija nacionalne osobitosti.<\/p>\n<p><strong>Kori\u0161tene metode:\u00a0<\/strong>Interakcija izme\u0111u nastavnika i studenata. Prou\u010davanje usmene knji\u017eevnosti s posebnim naglaskom na upoznavanju materijala, odnosno \u201eteksta\u201d. Uporaba ilustrativne gra\u0111e, audio \u2013 vizualne informacije.<\/p>\n<p><strong>Sadr\u017eaj kolegija:<\/strong><\/p>\n<ol>\n<li>Obilje\u017eja svjetonazornog sustava ukrajinskog folklora (Pretkr\u0161\u0107anska vjerovanja starih slavena. Magija i mitologija. Poganstvo.).<\/li>\n<li>Kultovi. Folklor i folkloristika. Periodizacija folklora. Smjerovi i \u0161kole folkloristike. Folklor i knji\u017eevnost.<\/li>\n<li>Kr\u0161\u0107anstvo i njegov utjecaj na razvoj ukrajinskog narodnog usmenog stvarala\u0161tva. Kalendarsko-obredno stvarala\u0161tvo (Ritualno-mitolo\u0161ki temelji obreda zimskog ciklusa. \u017danrovi i djela.).<\/li>\n<li>Herojski ep. Ukrajinske dume.<\/li>\n<li>Herojski ep. Bylyny. Povijesne pjesme.<\/li>\n<li>Kalendarsko-obredno stvarala\u0161tvo (Ritualno-mitolo\u0161ki temelji obreda proljetnog ciklusa. \u017danrovi i djela.).<\/li>\n<li>Obiteljsko obredno stvarala\u0161tvo.<\/li>\n<li>Balade.<\/li>\n<li>Lirske pjesme.<\/li>\n<li>Bajke.<\/li>\n<li>Legende. Perekazy i buvalj\u0161\u010dyny.<\/li>\n<li>Paremiografija (Povijesni razvoj paremija, vrste paremija i njihovo istra\u017eivanje). Zagonetke.<\/li>\n<li>Dje\u010dji folklor.<\/li>\n<li>Kalendarsko-obredno stvarala\u0161tvo (Ritualno-mitolo\u0161ki temelji obreda ljetnog ciklusa. \u017danrovi i djela.).<\/li>\n<li>Kalendarsko-obredno stvarala\u0161tvo (Ritualno-mitolo\u0161ki temelji obreda jesenskog ciklusa. \u017danrovi i djela.).<\/li>\n<\/ol>\n<p><strong>Ishodi u\u010denja<\/strong>: Kolegij <em>Ukrajinska usmena knji\u017eevnost<\/em>\u00a0 omogu\u0107ava ostvarenje slijede\u0107ih ishoda u\u010denja:<\/p>\n<ol>\n<li>kroz upoznavanje s kulturom i civilizacijom Ukrajine iskazati pozitivan stav prema drugim kulturama i uva\u017eavati etni\u010dke razli\u010ditosti<\/li>\n<li>opisati specifi\u010dnosti odabranih knji\u017eevnopovijesnih razdoblja i knji\u017eevnostilskih formacija<\/li>\n<li>primijeniti temeljne spoznaje o knji\u017eevnostilskim formacijama u analizi i tuma\u010denju knji\u017eevnih djela<\/li>\n<\/ol>\n<p>&nbsp;<\/p>\n<p><strong>Literatura:<\/strong><\/p>\n<ol>\n<li><strong>Obvezatna:<\/strong><\/li>\n<\/ol>\n<ol>\n<li>Mircea Eliade. (Jedan od naslova) Sveto i profano\u00a0<em>ili<\/em>\u00a0Mit i zbilja\u00a0<em>ili<\/em>\u00a0Mit o vje\u010dnom povratku.<\/li>\n<li>Vladimir Prop. (Jedan od naslova) Historijski korijeni bajke\u00a0<em>ili<\/em>\u00a0Morfologija bajke<\/li>\n<li>\u042e. \u0421\u043e\u043b\u043e\u0434. \u0423\u043a\u0440\u0430\u0457\u043d\u0441\u044c\u043a\u0430 \u043a\u043b\u0430\u0441\u0438\u0447\u043d\u0430 \u043b\u0456\u0442\u0435\u0440\u0430\u0442\u0443\u0440\u0430. \u041a\u043e\u043d\u0441\u043f\u0435\u043a\u0442. \u2013 \u041a\u0438\u0457\u0432: \u0421\u0432\u0456\u0442\u043b\u043e \u0437\u043d\u0430\u043d\u044c, 2008. \u2013 448 \u0441.<\/li>\n<\/ol>\n<ol>\n<li><strong>Dopunska:<\/strong><\/li>\n<\/ol>\n<ol>\n<li>Solar M. Edipova bra\u0107a i sinovi, Naprijed, Zagreb, 1998.<\/li>\n<li>Solar M. Teorija knji\u017eevnosti, \u0160kolska knjiga, Zagreb, 1976.<\/li>\n<li>\u0413\u0440\u0443\u0448\u0435\u0432\u0441\u044c\u043a\u0438\u0439 \u041c. \u0406\u0441\u0442\u043e\u0440\u0456\u044f \u0443\u043a\u0440\u0430\u0457\u043d\u0441\u044c\u043a\u043e\u0457 \u043b\u0456\u0442\u0435\u0440\u0430\u0442\u0443\u0440\u0438: \u0423 6 \u0442., 9 \u043a\u043d. \u2014 \u0422. 1. \u2014 \u041a.: \u041b\u0438\u0431\u0456\u0434\u044c, 1993. \u2014 392 \u0441.<\/li>\n<li>\u0414\u0435\u0439 \u041e.\u0406. \u0421\u0442\u043e\u0440\u0456\u043d\u043a\u0438 \u0437 \u0456\u0441\u0442\u043e\u0440\u0456\u0457 \u0443\u043a\u0440\u0430\u0457\u043d\u0441\u044c\u043a\u043e\u0457 \u0444\u043e\u043b\u044c\u043a\u043b\u043e\u0440\u0438\u0441\u0442\u0438\u043a\u0438. \u2014 \u041a.: \u041d\u0430\u0443\u043a, \u0434\u0443\u043c\u043a\u0430, 1975. \u2014 270 \u0441<\/li>\n<li>\u0404\u0444\u0440\u0435\u043c\u043e\u0432 \u0421. \u0406\u0441\u0442\u043e\u0440\u0456\u044f \u0443\u043a\u0440\u0430\u0457\u043d\u0441\u044c\u043a\u043e\u0433\u043e \u043f\u0438\u0441\u044c\u043c\u0435\u043d\u0441\u0442\u0432\u0430. \u2014 \u041a.: \u0424\u0435\u043c\u0456\u043d\u0430, 1995. \u2014 688 \u0441.<\/li>\n<li>\u041a\u043e\u043b\u0435\u0441\u0441\u0430 \u0424.\u041c. \u0424\u043e\u043b\u044c\u043a\u043b\u043e\u0440\u0438\u0441\u0442\u0438\u0447\u043d\u0456 \u043f\u0440\u0430\u0446\u0456. \u2014 \u041a.: \u041d\u0430\u0443\u043a, \u0434\u0443\u043c\u043a\u0430, 1970. \u2014 415 \u0441<\/li>\n<li>\u041a\u043e\u0441\u0442\u043e\u043c\u0430\u0440\u043e\u0432 \u041c. \u0421\u043b\u043e\u0432\u00b4\u044f\u043d\u0441\u044c\u043a\u0430 \u043c\u0456\u0444\u043e\u043b\u043e\u0433\u0456\u044f. \u2014 \u041a.: \u041b\u0438\u0431\u0456\u0434\u044c, 1994. \u2014 283 \u0441<\/li>\n<li>\u041b\u0430\u043d\u043e\u0432\u0438\u043a \u041c., \u041b\u0430\u043d\u043e\u0432\u0438\u043a \u0417. \u0423\u043a\u0440\u0430\u0457\u043d\u0441\u044c\u043a\u0430 \u0443\u0441\u043d\u0430 \u043d\u0430\u0440\u043e\u0434\u043d\u0430 \u0442\u0432\u043e\u0440\u0447\u0456\u0441\u0442\u044c. \u041d\u0430\u0432\u0447\u0430\u043b\u044c\u043d\u0438\u0439 \u043f\u043e\u0441\u0456\u0431\u043d\u0438\u043a \/ \u041a.: \u0417\u043d\u0430\u043d\u043d\u044f-\u041f\u0440\u0435\u0441, 2006.- 591 c.<\/li>\n<li>D. Poljak Makaruha, Ukrajinska usmena balada, Hrv.-ukr. dru\u0161tvo, Zagreb 2007.<\/li>\n<\/ol>\n<p><strong>Na\u010din polaganja ispita:\u00a0<\/strong>usmeni ispit.<\/p>\n<p><strong>Na\u010dini pra\u0107enja kvalitete i uspje\u0161nosti izvedbe kolegija:<\/strong><\/p>\n<p>Anketa Sveu\u010dili\u0161ta u Zagrebu i anketa Filozofskog fakulteta.<\/p>\n<p>&nbsp;<\/p>\n","protected":false},"excerpt":{"rendered":"<p>Naziv kolegija:\u00a0Ukrajinska usmena knji\u017eevnost (2021.\/2022.) ECTS-bodovi:\u00a02 Jezik:\u00a0hrvatski i\u00a0ukrajinski Trajanje:\u00a0jedan semestar (I. \u2013 zimski) Status:\u00a0izborni Oblik nastave:\u00a0predavanja (2 P) Nastavnik:\u00a0dr.sc. Dariya Pavle\u0161en Cilj kolegija:\u00a0Upoznavanje studenata s osnovnim djelima, pojmovima i klasifikacijom ukrajinske usmene knji\u017eevnosti. Kolegij usmjeren na u\u010denje i spoznaju osobitosti nastanka i razvoja ukrajinske usmene knji\u017eevnosti. Uloga kolegija u ukupnom kurikulumu:\u00a0Kolegij upoznaje s klasifikacijom, teorijom [&hellip;]<\/p>\n","protected":false},"author":1,"featured_media":0,"parent":10,"menu_order":5,"comment_status":"closed","ping_status":"closed","template":"","meta":{"footnotes":""},"class_list":["post-262","page","type-page","status-publish","hentry"],"_links":{"self":[{"href":"https:\/\/ukrainistika.ffzg.unizg.hr\/index.php?rest_route=\/wp\/v2\/pages\/262"}],"collection":[{"href":"https:\/\/ukrainistika.ffzg.unizg.hr\/index.php?rest_route=\/wp\/v2\/pages"}],"about":[{"href":"https:\/\/ukrainistika.ffzg.unizg.hr\/index.php?rest_route=\/wp\/v2\/types\/page"}],"author":[{"embeddable":true,"href":"https:\/\/ukrainistika.ffzg.unizg.hr\/index.php?rest_route=\/wp\/v2\/users\/1"}],"replies":[{"embeddable":true,"href":"https:\/\/ukrainistika.ffzg.unizg.hr\/index.php?rest_route=%2Fwp%2Fv2%2Fcomments&post=262"}],"version-history":[{"count":6,"href":"https:\/\/ukrainistika.ffzg.unizg.hr\/index.php?rest_route=\/wp\/v2\/pages\/262\/revisions"}],"predecessor-version":[{"id":3304,"href":"https:\/\/ukrainistika.ffzg.unizg.hr\/index.php?rest_route=\/wp\/v2\/pages\/262\/revisions\/3304"}],"up":[{"embeddable":true,"href":"https:\/\/ukrainistika.ffzg.unizg.hr\/index.php?rest_route=\/wp\/v2\/pages\/10"}],"wp:attachment":[{"href":"https:\/\/ukrainistika.ffzg.unizg.hr\/index.php?rest_route=%2Fwp%2Fv2%2Fmedia&parent=262"}],"curies":[{"name":"wp","href":"https:\/\/api.w.org\/{rel}","templated":true}]}}