{"id":2711,"date":"2019-09-17T13:05:27","date_gmt":"2019-09-17T11:05:27","guid":{"rendered":"https:\/\/ukrainistika.ffzg.unizg.hr\/?page_id=2711"},"modified":"2021-10-05T22:01:15","modified_gmt":"2021-10-05T20:01:15","slug":"raspored-preddiplomskog-studija","status":"publish","type":"page","link":"https:\/\/ukrainistika.ffzg.unizg.hr\/?page_id=2711","title":{"rendered":"Raspored preddiplomskog studija"},"content":{"rendered":"<p>2021\/2022.<\/p>\n<ol>\n<li>godina \u2013 1. semestar (zimski)<\/li>\n<\/ol>\n<p>&nbsp;<\/p>\n<table>\n<tbody>\n<tr>\n<td width=\"187\"><strong><em>dr. sc. Oksana Timko \u0110itko <\/em><\/strong><\/p>\n<p><strong><em>\u00a0<\/em><\/strong><\/td>\n<td width=\"267\"><strong>Uvod u op\u0107u lingvistiku <\/strong><\/td>\n<td width=\"87\"><strong>petak<\/strong><\/p>\n<p><strong>9.30-10.15<\/strong><\/td>\n<td width=\"54\"><strong>A-224<\/strong><\/td>\n<\/tr>\n<tr>\n<td width=\"187\"><strong><em>dr. sc. Oksana Timko \u0110itko<\/em><\/strong><\/td>\n<td width=\"267\"><strong>Uvod u kulturu i civilizaciju Ukrajine<\/strong><\/td>\n<td width=\"87\"><strong>petak<\/strong><\/p>\n<p><strong>10.15-11.45<\/strong><\/td>\n<td width=\"54\"><strong>A-224<\/strong><\/td>\n<\/tr>\n<tr>\n<td width=\"187\"><strong><em>dr. sc. Ana Dugand\u017ei\u0107<\/em><\/strong><\/td>\n<td width=\"267\"><strong>Elementarna gramatika <\/strong><\/td>\n<td width=\"87\"><strong>\u010detvrtak<\/strong><\/p>\n<p><strong>15.30-17.00<\/strong><\/td>\n<td width=\"54\"><strong>A-224<\/strong><\/td>\n<\/tr>\n<tr>\n<td width=\"187\"><strong><em>dr. sc. Ana Dugand\u017ei\u0107<\/em><\/strong><\/td>\n<td width=\"267\"><strong>Jezi\u010dne vje\u017ebe 1 \u2013 grupa 1\u00a0 \u00a0<\/strong><\/td>\n<td width=\"87\"><strong>srijeda<\/strong><\/p>\n<p><strong>11.00-12.30<\/strong><\/td>\n<td width=\"54\"><strong>A-224<\/strong><\/td>\n<\/tr>\n<tr>\n<td width=\"187\"><strong><em>\u00a0<\/em><\/strong><\/td>\n<td width=\"267\"><strong>\u00a0<\/strong><\/td>\n<td width=\"87\"><strong>\u010detvrtak<\/strong><\/p>\n<p><strong>17.00-18.30<\/strong><\/td>\n<td width=\"54\"><strong>A-224<\/strong><\/td>\n<\/tr>\n<tr>\n<td width=\"187\"><strong><em>\u00a0<\/em><\/strong><\/td>\n<td width=\"267\"><strong>\u00a0<\/strong><\/td>\n<td width=\"87\"><strong>petak<\/strong><\/p>\n<p><strong>14.00-15.30<\/strong><\/td>\n<td width=\"54\"><strong>A-306<\/strong><\/td>\n<\/tr>\n<tr>\n<td width=\"187\"><strong><em>dr. sc. Lesja Petrovska<\/em><\/strong><\/td>\n<td width=\"267\"><strong>Jezi\u010dne vje\u017ebe 1 \u2013 grupa 2\u00a0\u00a0 <\/strong><\/td>\n<td width=\"87\"><strong>ponedjeljak <\/strong><\/p>\n<p><strong>16.15-17.45<\/strong><\/td>\n<td width=\"54\"><strong>A-306<\/strong><\/td>\n<\/tr>\n<tr>\n<td width=\"187\"><strong><em>\u00a0<\/em><\/strong><\/td>\n<td width=\"267\"><strong>\u00a0<\/strong><\/td>\n<td width=\"87\"><strong>utorak<\/strong><\/p>\n<p><strong>17.00-18.30<\/strong><\/td>\n<td width=\"54\"><strong>A-223<\/strong><\/td>\n<\/tr>\n<tr>\n<td width=\"187\"><strong><em>\u00a0<\/em><\/strong><\/td>\n<td width=\"267\"><strong>\u00a0<\/strong><\/td>\n<td width=\"87\"><strong>petak<\/strong><\/p>\n<p><strong>14.45-16.15<\/strong><\/td>\n<td width=\"54\"><strong>A-118<\/strong><\/td>\n<\/tr>\n<tr>\n<td width=\"187\"><strong><em>dr. sc. Silvija Graljuk<\/em><\/strong><\/td>\n<td width=\"267\"><strong>Govorne vje\u017ebe 1 \u2013 grupa 1<\/strong><\/td>\n<td width=\"87\"><strong>srijeda<\/strong><\/p>\n<p><strong>9.30-11.00<\/strong><\/td>\n<td width=\"54\"><strong>A-224<\/strong><\/td>\n<\/tr>\n<tr>\n<td width=\"187\"><strong><em>\u00a0<\/em><\/strong><\/td>\n<td width=\"267\"><strong>Govorne vje\u017ebe 1 \u2013 grupa 2 <\/strong><\/td>\n<td width=\"87\"><strong>\u010detvrtak<\/strong><\/p>\n<p><strong>14.00-15.30<\/strong><\/td>\n<td width=\"54\"><strong>A-224<\/strong><\/td>\n<\/tr>\n<tr>\n<td width=\"187\"><strong><em>dr. sc. Dariya Pavle\u0161en<\/em><\/strong><\/td>\n<td width=\"267\"><strong>Ukrajinska usmena knji\u017eevnost (izborno)<\/strong><\/td>\n<td width=\"87\"><strong>petak<\/strong><\/p>\n<p><strong>11.45-13.15<\/strong><\/td>\n<td width=\"54\"><strong>A-224<\/strong><\/td>\n<\/tr>\n<tr>\n<td width=\"187\"><strong><em>Centar za strane jezike<\/em><\/strong><\/td>\n<td width=\"267\"><strong>Strani jezik struke (izborno)<\/strong><\/td>\n<td width=\"87\"><strong>gledaj CSJ<\/strong><\/td>\n<td width=\"54\"><strong>gledaj CSJ <\/strong><\/td>\n<\/tr>\n<tr>\n<td width=\"187\"><strong><em>\u00a0<\/em><\/strong><\/td>\n<td width=\"267\"><strong>\u00a0<\/strong><\/p>\n<p><strong>\u00a0<\/strong><\/p>\n<p><strong>2. godina \u2013 3. semestar (zimski)\u00a0 <\/strong><\/p>\n<p><strong>\u00a0<\/strong><\/td>\n<td width=\"87\"><strong>\u00a0<\/strong><\/p>\n<p><strong>\u00a0<\/strong><\/p>\n<p><strong>\u00a0<\/strong><\/td>\n<td width=\"54\">&nbsp;<\/td>\n<\/tr>\n<tr>\n<td width=\"187\"><strong><em>dr. sc. Oksana Timko \u0110itko<\/em><\/strong><\/td>\n<td width=\"267\"><strong>Morfologija ukrajinskoga jezika 2 (P)<\/strong><\/td>\n<td width=\"87\"><strong>ponedjeljak<\/strong><\/p>\n<p><strong>13.15-14.45<\/strong><\/td>\n<td width=\"54\"><strong>A-224<\/strong><\/td>\n<\/tr>\n<tr>\n<td width=\"187\"><strong><em>\u00a0<\/em><\/strong><\/td>\n<td width=\"267\"><strong>Vje\u017ebe iz morfologije ukrajinskoga jezika 2 <\/strong><\/td>\n<td width=\"87\"><strong>utorak<\/strong><\/p>\n<p><strong>12.30-14.00<\/strong><\/td>\n<td width=\"54\"><strong>A-224<\/strong><\/td>\n<\/tr>\n<tr>\n<td width=\"187\"><strong><em>dr. sc. Lesja Petrovska<\/em><\/strong><\/td>\n<td width=\"267\"><strong>Jezi\u010dne vje\u017ebe 3 <\/strong><\/td>\n<td width=\"87\"><strong>ponedjeljak<\/strong><\/p>\n<p><strong>14.45-16.15<\/strong><\/td>\n<td width=\"54\"><strong>A-306<\/strong><\/td>\n<\/tr>\n<tr>\n<td width=\"187\"><strong><em>\u00a0<\/em><\/strong><\/td>\n<td width=\"267\"><strong>\u00a0<\/strong><\/p>\n<p><strong>\u00a0<\/strong><\/td>\n<td width=\"87\"><strong>\u010detvrtak<\/strong><\/p>\n<p><strong>15.30-17.00<\/strong><\/td>\n<td width=\"54\"><strong>A-223<\/strong><\/td>\n<\/tr>\n<tr>\n<td width=\"187\"><strong><em>dr. sc. Dariya Pavle\u0161en<\/em><\/strong><\/td>\n<td width=\"267\"><strong>Ukrajinska knji\u017eevnost 2 (P+S)<\/strong><\/p>\n<p><strong>\u00a0<\/strong><\/td>\n<td width=\"87\"><strong>srijeda<\/strong><\/p>\n<p><strong>15.30-17.00<\/strong><\/td>\n<td width=\"54\"><strong>A-224<\/strong><\/td>\n<\/tr>\n<tr>\n<td width=\"187\"><strong><em>\u00a0<\/em><\/strong><\/p>\n<p><strong><em>\u00a0<\/em><\/strong><\/td>\n<td width=\"267\"><strong>\u00a0<\/strong><\/td>\n<td width=\"87\"><strong>petak<\/strong><\/p>\n<p><strong>14.00-15.30<\/strong><\/td>\n<td width=\"54\"><strong>A-224<\/strong><\/td>\n<\/tr>\n<tr>\n<td width=\"187\"><strong><em>dr. sc. Ana Dugand\u017ei\u0107<\/em><\/strong><\/td>\n<td width=\"267\"><strong>Ortografski praktikum 2 (izborno)<\/strong><\/td>\n<td width=\"87\"><strong>srijeda<\/strong><\/p>\n<p><strong>12.30-14.00<\/strong><\/td>\n<td width=\"54\"><strong>A-224<\/strong><\/td>\n<\/tr>\n<\/tbody>\n<\/table>\n<p><strong>\u00a0<\/strong><\/p>\n<p><strong>\u00a0<\/strong><\/p>\n<p><strong>\u00a0<\/strong><\/p>\n<p><strong>\u00a0<\/strong><\/p>\n<p><strong>\u00a0<\/strong><\/p>\n<p><strong>\u00a0<\/strong><\/p>\n<p><strong>\u00a0<\/strong><\/p>\n<p><strong>\u00a0<\/strong><\/p>\n<p><strong>\u00a0<\/strong><\/p>\n<p><strong>\u00a0<\/strong><\/p>\n<p><strong>\u00a0<\/strong><\/p>\n<ol start=\"3\">\n<li><strong> godina \u2013 5. semestar (zimski)<\/strong><\/li>\n<\/ol>\n<p>&nbsp;<\/p>\n<table>\n<tbody>\n<tr>\n<td rowspan=\"2\" width=\"187\"><strong><em>dr. sc. Tetyana Fuderer<\/em><\/strong><\/td>\n<td width=\"213\"><strong>Sintaksa ukrajinskoga jezika 1<\/strong><\/p>\n<p><strong>\u00a0<\/strong><\/td>\n<td width=\"87\"><strong>ponedjeljak<\/strong><\/p>\n<p><strong>9.30-11.00<\/strong><\/td>\n<td width=\"54\"><strong>A-301<\/strong><\/td>\n<\/tr>\n<tr>\n<td width=\"213\"><strong>Vje\u017ebe iz sintakse<\/strong><\/p>\n<p><strong>\u00a0<\/strong><\/td>\n<td width=\"87\"><strong>ponedjeljak<\/strong><\/p>\n<p><strong>11.00-11.45<\/strong><\/td>\n<td width=\"54\"><strong>A-301<\/strong><\/td>\n<\/tr>\n<tr>\n<td width=\"187\"><strong><em>dr. sc. Lesja Petrovska<\/em><\/strong><\/td>\n<td width=\"213\"><strong>Jezi\u010dne vje\u017ebe 5<\/strong><\/p>\n<p><strong>\u00a0<\/strong><\/td>\n<td width=\"87\"><strong>utorak<\/strong><\/p>\n<p><strong>14.45-17.00<\/strong><\/td>\n<td width=\"54\"><strong>A-223<\/strong><\/td>\n<\/tr>\n<tr>\n<td width=\"187\"><strong><em>\u00a0<\/em><\/strong><\/td>\n<td width=\"213\"><strong>\u00a0<\/strong><\/td>\n<td width=\"87\"><strong>\u010detvrtak<\/strong><\/p>\n<p><strong>14.00-15.30<\/strong><\/td>\n<td width=\"54\"><strong>F-316<\/strong><\/td>\n<\/tr>\n<tr>\n<td width=\"187\"><strong><em>dr. sc. Dariya Pavle\u0161en<\/em><\/strong><\/p>\n<p><strong><em>\u00a0<\/em><\/strong><\/td>\n<td width=\"213\"><strong>Ukrajinska knji\u017eevnost 4 (P)<\/strong><\/td>\n<td width=\"87\"><strong>srijeda<\/strong><\/p>\n<p><strong>14.00-15.30<\/strong><\/td>\n<td width=\"54\"><strong>A-224<\/strong><\/td>\n<\/tr>\n<tr>\n<td width=\"187\"><strong><em>\u00a0<\/em><\/strong><\/p>\n<p><strong><em>\u00a0<\/em><\/strong><\/td>\n<td width=\"213\"><strong>\u00a0<\/strong><\/td>\n<td width=\"87\"><strong>petak<\/strong><\/p>\n<p><strong>13.15-14.00<\/strong><\/td>\n<td width=\"54\"><strong>A-224<\/strong><\/td>\n<\/tr>\n<tr>\n<td width=\"187\"><strong><em>Josip Rala\u0161i\u0107<\/em><\/strong><\/td>\n<td width=\"213\"><strong>Ukrajinska knji\u017eevnost 4 (S)<\/strong><\/td>\n<td width=\"87\"><strong>srijeda<\/strong><\/p>\n<p><strong>15.30-16.15<\/strong><\/td>\n<td width=\"54\"><strong>A-306<\/strong><\/td>\n<\/tr>\n<tr>\n<td width=\"187\"><strong><em>dr. sc. Tetyana Fuderer<\/em><\/strong><\/td>\n<td width=\"213\"><strong>Leksikologija i frazeologija ukrajinskoga jezika (izborno)<\/strong><\/td>\n<td width=\"87\"><strong>utorak<\/strong><\/p>\n<p><strong>17.45-19.15<\/strong><\/td>\n<td width=\"54\"><strong>A-224<\/strong><\/td>\n<\/tr>\n<tr>\n<td width=\"187\"><strong><em>Josip Rala\u0161i\u0107<\/em><\/strong><\/td>\n<td width=\"213\"><strong>Lektira 2 (izborno) <\/strong><\/td>\n<td width=\"87\"><strong>\u010detvrtak<\/strong><\/p>\n<p><strong>15.30-17.00<\/strong><\/td>\n<td width=\"54\"><strong>A-118<\/strong><\/td>\n<\/tr>\n<\/tbody>\n<\/table>\n<p>&nbsp;<\/p>\n<p><strong>\u00a0<\/strong><\/p>\n<ol start=\"4\">\n<li><strong> godina \u2013 7. semestar (zimski)<\/strong><\/li>\n<\/ol>\n<p>&nbsp;<\/p>\n<table>\n<tbody>\n<tr>\n<td width=\"187\"><strong><em>dr. sc. Oksana Timko \u0110itko <\/em><\/strong><\/td>\n<td width=\"213\"><strong>Historijska gramatika ukrajinskoga jezika<\/strong><\/td>\n<td width=\"89\"><strong>ponedjeljak<\/strong><\/p>\n<p><strong>9.30-11.00<\/strong><\/td>\n<td width=\"57\"><strong>A-224<\/strong><\/td>\n<\/tr>\n<tr>\n<td width=\"187\"><strong><em>\u00a0<\/em><\/strong><\/td>\n<td width=\"213\"><strong>Vje\u017ebe iz historijske gramatike ukrajinskoga jezika<\/strong><\/td>\n<td width=\"89\"><strong>ponedjeljak<\/strong><\/p>\n<p><strong>11.00-11.45<\/strong><\/td>\n<td width=\"57\"><strong>A-224<\/strong><\/td>\n<\/tr>\n<tr>\n<td width=\"187\"><strong><em>dr. sc. Lesja Petrovska<\/em><\/strong><\/td>\n<td width=\"213\"><strong>Jezi\u010dne vje\u017ebe 7 <\/strong><\/p>\n<p><strong>\u00a0<\/strong><\/td>\n<td width=\"89\"><strong>\u010detvrtak<\/strong><\/p>\n<p><strong>17.00-18.30<\/strong><\/td>\n<td width=\"57\">\n<h3>A-223<\/h3>\n<\/td>\n<\/tr>\n<tr>\n<td width=\"187\"><strong><em>\u00a0<\/em><\/strong><\/td>\n<td width=\"213\"><strong>\u00a0<\/strong><\/td>\n<td width=\"89\"><strong>petak<\/strong><\/p>\n<p><strong>16.15-18.30<\/strong><\/td>\n<td width=\"57\">\n<h3>A-224<\/h3>\n<\/td>\n<\/tr>\n<tr>\n<td width=\"187\"><strong><em>dr. sc. Dariya Pavle\u0161en <\/em><\/strong><\/td>\n<td width=\"213\"><strong>Ukrajinska knji\u017eevnost 6 <\/strong><\/td>\n<td width=\"89\"><strong>srijeda<\/strong><\/p>\n<p><strong>17.00-18.30<\/strong><\/td>\n<td width=\"57\"><strong>A-224<\/strong><\/td>\n<\/tr>\n<tr>\n<td width=\"187\"><strong><em>\u00a0<\/em><\/strong><\/td>\n<td width=\"213\"><strong>\u00a0<\/strong><\/td>\n<td width=\"89\"><strong>petak<\/strong><\/p>\n<p><strong>15.30-16.15<\/strong><\/td>\n<td width=\"57\"><strong>A-224<\/strong><\/td>\n<\/tr>\n<tr>\n<td width=\"187\"><strong><em>Josip Rala\u0161i\u0107<\/em><\/strong><\/td>\n<td width=\"213\"><strong>Ukrajinska knji\u017eevnost 6 (S)<\/strong><\/td>\n<td width=\"89\"><strong>srijeda<\/strong><\/p>\n<p><strong>16.15-17.00<\/strong><\/td>\n<td width=\"57\"><strong>A-306<\/strong><\/td>\n<\/tr>\n<tr>\n<td width=\"187\"><strong><em>dr. sc. Tetyana Fuderer<\/em><\/strong><\/td>\n<td width=\"213\"><strong>Leksikologija i frazeologija ukrajinskoga jezika (izborno)<\/strong><\/td>\n<td width=\"89\"><strong>utorak<\/strong><\/p>\n<p><strong>17.45-19.15<\/strong><\/td>\n<td width=\"57\"><strong>A-224<\/strong><\/td>\n<\/tr>\n<tr>\n<td width=\"187\"><strong><em>Josip Rala\u0161i\u0107<\/em><\/strong><\/td>\n<td width=\"213\"><strong>Lektira 2 (izborno) <\/strong><\/td>\n<td width=\"89\"><strong>\u010detvrtak<\/strong><\/p>\n<p><strong>15.30-17.00<\/strong><\/td>\n<td width=\"57\"><strong>A-118<\/strong><\/td>\n<\/tr>\n<\/tbody>\n<\/table>\n<p>&nbsp;<\/p>\n<p><strong>***<\/strong> Za studente nemati\u010dnih studija (studij rusistike i drugi slavisti\u010dki studiji) u zimskom semestru nudi se kolegij <strong><em>Te\u010daj ukrajinskoga jezika 1:<\/em><\/strong><\/p>\n<p><strong><em>\u00a0<\/em><\/strong><\/p>\n<table>\n<tbody>\n<tr>\n<td width=\"187\"><strong><em>dr. sc. Silvija Graljuk <\/em><\/strong><\/td>\n<td width=\"204\"><strong>Te\u010daj ukrajinskoga jezika 1<\/strong><\/td>\n<td width=\"96\"><strong>utorak<\/strong><\/p>\n<p><strong>14.00-15.30<\/strong><\/td>\n<td width=\"60\"><strong>A-224<\/strong><\/td>\n<\/tr>\n<\/tbody>\n<\/table>\n","protected":false},"excerpt":{"rendered":"<p>2021\/2022. godina \u2013 1. semestar (zimski) &nbsp; dr. sc. Oksana Timko \u0110itko \u00a0 Uvod u op\u0107u lingvistiku petak 9.30-10.15 A-224 dr. sc. Oksana Timko \u0110itko Uvod u kulturu i civilizaciju Ukrajine petak 10.15-11.45 A-224 dr. sc. Ana Dugand\u017ei\u0107 Elementarna gramatika \u010detvrtak 15.30-17.00 A-224 dr. sc. Ana Dugand\u017ei\u0107 Jezi\u010dne vje\u017ebe 1 \u2013 grupa 1\u00a0 \u00a0 srijeda [&hellip;]<\/p>\n","protected":false},"author":101012,"featured_media":0,"parent":0,"menu_order":0,"comment_status":"closed","ping_status":"closed","template":"","meta":{"footnotes":""},"class_list":["post-2711","page","type-page","status-publish","hentry"],"_links":{"self":[{"href":"https:\/\/ukrainistika.ffzg.unizg.hr\/index.php?rest_route=\/wp\/v2\/pages\/2711"}],"collection":[{"href":"https:\/\/ukrainistika.ffzg.unizg.hr\/index.php?rest_route=\/wp\/v2\/pages"}],"about":[{"href":"https:\/\/ukrainistika.ffzg.unizg.hr\/index.php?rest_route=\/wp\/v2\/types\/page"}],"author":[{"embeddable":true,"href":"https:\/\/ukrainistika.ffzg.unizg.hr\/index.php?rest_route=\/wp\/v2\/users\/101012"}],"replies":[{"embeddable":true,"href":"https:\/\/ukrainistika.ffzg.unizg.hr\/index.php?rest_route=%2Fwp%2Fv2%2Fcomments&post=2711"}],"version-history":[{"count":7,"href":"https:\/\/ukrainistika.ffzg.unizg.hr\/index.php?rest_route=\/wp\/v2\/pages\/2711\/revisions"}],"predecessor-version":[{"id":3295,"href":"https:\/\/ukrainistika.ffzg.unizg.hr\/index.php?rest_route=\/wp\/v2\/pages\/2711\/revisions\/3295"}],"wp:attachment":[{"href":"https:\/\/ukrainistika.ffzg.unizg.hr\/index.php?rest_route=%2Fwp%2Fv2%2Fmedia&parent=2711"}],"curies":[{"name":"wp","href":"https:\/\/api.w.org\/{rel}","templated":true}]}}