{"id":2714,"date":"2019-09-17T13:06:35","date_gmt":"2019-09-17T11:06:35","guid":{"rendered":"https:\/\/ukrainistika.ffzg.unizg.hr\/?page_id=2714"},"modified":"2021-10-05T22:08:02","modified_gmt":"2021-10-05T20:08:02","slug":"raspored-diplomskog-studija","status":"publish","type":"page","link":"https:\/\/ukrainistika.ffzg.unizg.hr\/?page_id=2714","title":{"rendered":"Raspored diplomskog studija"},"content":{"rendered":"<p>UKRAJINSKI JEZIK I KNJI\u017dEVNOST<\/p>\n<p>RASPORED NASTAVE 2021.\/2022.<\/p>\n<p><strong>\u00a0<\/strong><\/p>\n<p><strong>DIPLOMSKI STUDIJ<\/strong><\/p>\n<p><strong>\u00a0<\/strong><\/p>\n<p><strong>PREVODITELJSKO-KULTUROLO\u0160KI SMJER<\/strong><\/p>\n<p><strong>\u00a0<\/strong><\/p>\n<ol start=\"5\">\n<li><strong> godina \u2013 9. semestar (zimski)<\/strong><\/li>\n<\/ol>\n<p>&nbsp;<\/p>\n<table>\n<tbody>\n<tr>\n<td width=\"187\"><strong><em>dr. sc. Ana Dugand\u017ei\u0107<\/em><\/strong><\/p>\n<p><strong><em>\u00a0<\/em><\/strong><\/td>\n<td width=\"213\"><strong>Teorija i praksa prevo\u0111enja (P)<\/strong><\/td>\n<td width=\"89\"><strong>petak<\/strong><\/p>\n<p><strong>12.30-14.00<\/strong><\/td>\n<td width=\"57\"><strong>A-306<\/strong><\/td>\n<\/tr>\n<tr>\n<td width=\"187\"><\/td>\n<td width=\"213\"><strong>Teorija i praksa prevo\u0111enja (V)<\/strong><\/td>\n<td width=\"89\"><strong>utorak<\/strong><\/p>\n<p><strong>18.30-20.45<\/strong><\/td>\n<td width=\"57\"><strong>A-118<\/strong><\/td>\n<\/tr>\n<tr>\n<td width=\"187\"><strong><em>dr. sc. Tetyana Fuderer<\/em><\/strong><\/td>\n<td width=\"213\"><strong>Funkcionalni stilovi i prevo\u0111enje (P+S)<\/strong><\/td>\n<td width=\"89\"><strong>utorak<\/strong><\/p>\n<p><strong>15.30-17.45<\/strong><\/td>\n<td width=\"57\">\n<h3>A-224<\/h3>\n<\/td>\n<\/tr>\n<tr>\n<td width=\"187\"><strong><em>dr. sc. Tetyana Fuderer<\/em><\/strong><\/td>\n<td width=\"213\"><strong>Prevo\u0111enje knji\u017eevnih tekstova<\/strong><\/td>\n<td width=\"89\"><strong>ponedjeljak<\/strong><\/p>\n<p><strong>\u00a011.45-13.15<\/strong><\/td>\n<td width=\"57\"><strong>A-301<\/strong><\/td>\n<\/tr>\n<\/tbody>\n<\/table>\n<p>&nbsp;<\/p>\n<p><strong>\u00a0<\/strong><\/p>\n<p><strong>\u00a0<\/strong><\/p>\n<p><strong>\u00a0<\/strong><\/p>\n<p><strong>NASTAVNI\u010cKI SMJER<\/strong><\/p>\n<p><strong>\u00a0<\/strong><\/p>\n<ol start=\"5\">\n<li><strong> godina \u2013 9. semestar (zimski)<\/strong><\/li>\n<\/ol>\n<p>&nbsp;<\/p>\n<table>\n<tbody>\n<tr>\n<td width=\"207\"><strong><em>dr. sc. Marina Novogradec Jaji\u0107<\/em><\/strong><\/td>\n<td width=\"213\"><strong>Glotodidaktika <\/strong><\/td>\n<td width=\"89\"><strong>ponedjeljak<\/strong><\/p>\n<p><strong>\u00a011.00-12.30<\/strong><\/td>\n<td width=\"53\"><strong>A-118<\/strong><\/td>\n<\/tr>\n<tr>\n<td width=\"207\"><strong><em>dr. sc. Marina Novogradec Jaji\u0107<\/em><\/strong><\/td>\n<td width=\"213\"><strong>Usvajanje stranog jezika<\/strong><\/td>\n<td width=\"89\"><strong>ponedjeljak<\/strong><\/p>\n<p><strong>\u00a012.30-14.00<\/strong><\/td>\n<td width=\"53\"><strong>A-118<\/strong><\/td>\n<\/tr>\n<\/tbody>\n<\/table>\n","protected":false},"excerpt":{"rendered":"<p>UKRAJINSKI JEZIK I KNJI\u017dEVNOST RASPORED NASTAVE 2021.\/2022. \u00a0 DIPLOMSKI STUDIJ \u00a0 PREVODITELJSKO-KULTUROLO\u0160KI SMJER \u00a0 godina \u2013 9. semestar (zimski) &nbsp; dr. sc. Ana Dugand\u017ei\u0107 \u00a0 Teorija i praksa prevo\u0111enja (P) petak 12.30-14.00 A-306 Teorija i praksa prevo\u0111enja (V) utorak 18.30-20.45 A-118 dr. sc. Tetyana Fuderer Funkcionalni stilovi i prevo\u0111enje (P+S) utorak 15.30-17.45 A-224 dr. sc. [&hellip;]<\/p>\n","protected":false},"author":101012,"featured_media":0,"parent":0,"menu_order":0,"comment_status":"closed","ping_status":"closed","template":"","meta":{"footnotes":""},"class_list":["post-2714","page","type-page","status-publish","hentry"],"_links":{"self":[{"href":"https:\/\/ukrainistika.ffzg.unizg.hr\/index.php?rest_route=\/wp\/v2\/pages\/2714"}],"collection":[{"href":"https:\/\/ukrainistika.ffzg.unizg.hr\/index.php?rest_route=\/wp\/v2\/pages"}],"about":[{"href":"https:\/\/ukrainistika.ffzg.unizg.hr\/index.php?rest_route=\/wp\/v2\/types\/page"}],"author":[{"embeddable":true,"href":"https:\/\/ukrainistika.ffzg.unizg.hr\/index.php?rest_route=\/wp\/v2\/users\/101012"}],"replies":[{"embeddable":true,"href":"https:\/\/ukrainistika.ffzg.unizg.hr\/index.php?rest_route=%2Fwp%2Fv2%2Fcomments&post=2714"}],"version-history":[{"count":5,"href":"https:\/\/ukrainistika.ffzg.unizg.hr\/index.php?rest_route=\/wp\/v2\/pages\/2714\/revisions"}],"predecessor-version":[{"id":3296,"href":"https:\/\/ukrainistika.ffzg.unizg.hr\/index.php?rest_route=\/wp\/v2\/pages\/2714\/revisions\/3296"}],"wp:attachment":[{"href":"https:\/\/ukrainistika.ffzg.unizg.hr\/index.php?rest_route=%2Fwp%2Fv2%2Fmedia&parent=2714"}],"curies":[{"name":"wp","href":"https:\/\/api.w.org\/{rel}","templated":true}]}}