{"id":2840,"date":"2019-12-18T23:39:30","date_gmt":"2019-12-18T21:39:30","guid":{"rendered":"https:\/\/ukrainistika.ffzg.unizg.hr\/?page_id=2840"},"modified":"2025-10-07T21:09:11","modified_gmt":"2025-10-07T19:09:11","slug":"ispitni-termini-2019-2020-ukrajinistika","status":"publish","type":"page","link":"https:\/\/ukrainistika.ffzg.unizg.hr\/?page_id=2840","title":{"rendered":"Ispitni termini u ak. god. 2025.\/2026."},"content":{"rendered":"<p><a href=\"\/slaven\/ukrajinistika\/?page_id=658\" target=\"_blank\" rel=\"noopener\">Dr. sc. Oksana Timko-\u0110itko, red. prof. <\/a><\/p>\n<p><a href=\"\/slaven\/ukrajinistika\/?page_id=661\" target=\"_blank\" rel=\"noopener\">Dr. sc. Tetyana Fuderer, red. prof.<\/a><\/p>\n<p><a style=\"font-size: 1rem; color: #0f3647;\" href=\"\/slaven\/ukrajinistika\/?page_id=665\" target=\"_blank\" rel=\"noopener\">Dr. sc. Dariya Pavle\u0161en, doc<\/a><span style=\"font-size: 16px;\">.<\/span><\/p>\n<p><a href=\"\/slaven\/ukrajinistika\/?page_id=674\" target=\"_blank\" rel=\"noopener\">Dr. sc. Ana Dugand\u017ei\u0107, vi\u0161a lektorica<\/a><\/p>\n<p><a href=\"\/slaven\/ukrajinistika\/?page_id=668\" target=\"_blank\" rel=\"noopener\">Dr. sc. Silvija Graljuk, poslijedoktorandica<\/a><\/p>\n<p><a href=\"\/slaven\/ukrajinistika\/?page_id=677\" target=\"_blank\" rel=\"noopener\">Dr. sc. Domagoj Kli\u010dek, poslijedoktorand<\/a><\/p>\n<p><a href=\"\/slaven\/ukrajinistika\/?page_id=2914\">Dr. sc. Lesja Petrovska, strana lektorica<\/a><\/p>\n<p><a href=\"\/slaven\/ukrajinistika\/?page_id=741\">Dr. sc. Marina Jaji\u0107 Novogradec, poslijedoktorandica<\/a><\/p>\n<p><a href=\"\/slaven\/ukrajinistika\/?page_id=3812\">Pavao Jergovi\u0107, asistent\u00a0(rokovi)<\/a><\/p>\n","protected":false},"excerpt":{"rendered":"<p>Dr. sc. Oksana Timko-\u0110itko, red. prof. Dr. sc. Tetyana Fuderer, red. prof. Dr. sc. Dariya Pavle\u0161en, doc. Dr. sc. Ana Dugand\u017ei\u0107, vi\u0161a lektorica Dr. sc. Silvija Graljuk, poslijedoktorandica Dr. sc. Domagoj Kli\u010dek, poslijedoktorand Dr. sc. Lesja Petrovska, strana lektorica Dr. sc. Marina Jaji\u0107 Novogradec, poslijedoktorandica Pavao Jergovi\u0107, asistent\u00a0(rokovi)<\/p>\n","protected":false},"author":3,"featured_media":0,"parent":0,"menu_order":0,"comment_status":"closed","ping_status":"closed","template":"","meta":{"footnotes":""},"class_list":["post-2840","page","type-page","status-publish","hentry"],"_links":{"self":[{"href":"https:\/\/ukrainistika.ffzg.unizg.hr\/index.php?rest_route=\/wp\/v2\/pages\/2840"}],"collection":[{"href":"https:\/\/ukrainistika.ffzg.unizg.hr\/index.php?rest_route=\/wp\/v2\/pages"}],"about":[{"href":"https:\/\/ukrainistika.ffzg.unizg.hr\/index.php?rest_route=\/wp\/v2\/types\/page"}],"author":[{"embeddable":true,"href":"https:\/\/ukrainistika.ffzg.unizg.hr\/index.php?rest_route=\/wp\/v2\/users\/3"}],"replies":[{"embeddable":true,"href":"https:\/\/ukrainistika.ffzg.unizg.hr\/index.php?rest_route=%2Fwp%2Fv2%2Fcomments&post=2840"}],"version-history":[{"count":22,"href":"https:\/\/ukrainistika.ffzg.unizg.hr\/index.php?rest_route=\/wp\/v2\/pages\/2840\/revisions"}],"predecessor-version":[{"id":4989,"href":"https:\/\/ukrainistika.ffzg.unizg.hr\/index.php?rest_route=\/wp\/v2\/pages\/2840\/revisions\/4989"}],"wp:attachment":[{"href":"https:\/\/ukrainistika.ffzg.unizg.hr\/index.php?rest_route=%2Fwp%2Fv2%2Fmedia&parent=2840"}],"curies":[{"name":"wp","href":"https:\/\/api.w.org\/{rel}","templated":true}]}}