{"id":363,"date":"2013-06-04T23:10:01","date_gmt":"2013-06-04T21:10:01","guid":{"rendered":"http:\/\/wp.ffzg.unizg.hr\/ukrajinistika-proba\/?page_id=363"},"modified":"2019-09-30T11:39:35","modified_gmt":"2019-09-30T09:39:35","slug":"poglavlja-iz-slavistike","status":"publish","type":"page","link":"https:\/\/ukrainistika.ffzg.unizg.hr\/?page_id=363","title":{"rendered":"Poglavlja iz slavistike"},"content":{"rendered":"<p>Poglavlja iz slavistike<\/p>\n<p><strong>Naziv kolegija<\/strong>: Poglavlja iz slavistike<\/p>\n<p><strong>Nastavnica<\/strong>: dr. sc. Oksana Timko \u0110itko, red.prof.<\/p>\n<p><strong>ECTS-bodovi:<\/strong>\u00a02<\/p>\n<p><strong>Jezik<\/strong>: ukrajinski<\/p>\n<p><strong>Trajanje:<\/strong>\u00a0jedan semestar (6, 8, ljetni)<\/p>\n<p><strong>Status<\/strong>: izborni<\/p>\n<p><strong>Oblik nastave<\/strong>: 2 sata predavanja<\/p>\n<p><strong>Cilj kolegija<\/strong>: Upoznavanje studenata s osnovnim pojmovima slavistike te sa specifi\u010dnim obilje\u017ejima razvoja slavistike unutar ukrajinistike. Posebno se govori o ukrajinistima koji su ostavili dubokog traga ne samo na razvoj ukrajinskog jezika, nego i na znanost o jeziku svog doba: Meletyj Smotryckyj, Ivan U\u017eevi\u010d, Agatangel Kryms\u2019kyj, Oleksandr Gryn\u010denko\u2026 Isto tako govori se o jezikoslovcima koji nisu bili ukrajinisti, ali su svojim radom zadu\u017eili ukrajinistiku: Oleksandr Potebnja, Oleksandr Dobrovski, Vatroslav Jagi\u0107. Cilj je kolegija da studenti steknu \u0161ira znanja o slavistici te o ukrajinistici u njezinim okvirima.<\/p>\n<p><strong>Uloga kolegija u ukupnom kurikulumu:<\/strong>\u00a0Poglavlja iz slavistike izborni su kolegij koji je namijenjen studentima 6. i 8. semestra koji su ve\u0107 stekli znanja o povijesti, knji\u017eevnosti te stvaranju standardnog ukrajinskog jezika.<\/p>\n<p><strong>Kori\u0161tene metode:<\/strong>\u00a0Kolegij se sastoji od predavanja. Sve informacije koje studenti dobiju na predavanjima produbljivat \u0107e se i razvijati kroz provjeru znanja, aktivno sudjelovanje studenata na sati, interakciju izme\u0111u nastavnika i studenata.<\/p>\n<p><strong>Sadr\u017eaj kolegija<\/strong>:<\/p>\n<ol>\n<li><u>Predavanje:<\/u>\u00a0Postanak slavistike. Povijest slavistike.<\/li>\n<li><u>Predavanje:<\/u>\u00a0Razvoj slavenske filologije, periodizacija.<\/li>\n<li><u>Predavanje<\/u>: Meletij Smotryc&#8217;kyj.<\/li>\n<li><u>Predavanje<\/u>: Ivan Fedorov.<\/li>\n<li><u>Predavanje:<\/u>\u00a0Ivan U\u017eevi\u010d.<\/li>\n<li><u>Predavanje<\/u>: Oleksandr Potebnja.<\/li>\n<li><u>Predavanje<\/u>: Stepan Smalj-Stockyj.<\/li>\n<li><u>Predavanje<\/u>: Dvadesete godine XX-og stolje\u0107a u ukrajinistici.<\/li>\n<li><u>Predavanje<\/u>: Dvadesete godine XX-og stolje\u0107a u ukrajinistici.<\/li>\n<li><u>Predavanje<\/u>: O. \u0160ahmatov.<\/li>\n<li><u>Predavanje<\/u>: Josip Dobrovski.<\/li>\n<li><u>Predavanje<\/u>: Vatroslav Jagi\u0107.<\/li>\n<li><u>Predavanje:<\/u>\u00a0Zaklju\u010dci.<\/li>\n<\/ol>\n<p>&nbsp;<\/p>\n<p><strong>Literatura:<\/strong><\/p>\n<ol>\n<li><strong> Obvezatna:<\/strong><\/li>\n<li>Lu\u010dyk V.V. Vstup do slovjans\u2019koji filologiji, Kyjiv, 2008<\/li>\n<li><strong> Izborna:<\/strong><\/li>\n<li>\u0160eveljov J. Portrety ukrajins\u2019kyh movoznavciv, Kyjiv, 2002.<\/li>\n<li>Piper P. Uvod u slavistiku 1, Beograd, 2008.<\/li>\n<li>\u00a0 \u00a0Caruk, O. Ukrajins\u2019ka mova sered in\u0161yh slovjans\u2019kyh, Dnjipropetrovs\u2019k, 1998<\/li>\n<li>Ukrajins\u2019ka mova. Encykloped\u2019ja. (2000.). \u2013 Kyjiv.<\/li>\n<\/ol>\n<p>&nbsp;<\/p>\n<p><strong>Na\u010din polaganja ispita<\/strong>: usmeno<\/p>\n<p>&nbsp;<\/p>\n<p><strong>Na\u010din pra\u0107enja kvalitete i uspje\u0161nosti izvedbe predmeta<\/strong>: Tijekom semestra studenti \u0107e aktivno sudjelovati u nastavi. Sva predavanja su postavljena na sustav Omega tako da \u0107e se studenti mo\u0107i pripremiti za sat, a materijale sa Omege koristiti kao bilje\u0161ke.<\/p>\n<p>&nbsp;<\/p>\n","protected":false},"excerpt":{"rendered":"<p>Poglavlja iz slavistike Naziv kolegija: Poglavlja iz slavistike Nastavnica: dr. sc. Oksana Timko \u0110itko, red.prof. ECTS-bodovi:\u00a02 Jezik: ukrajinski Trajanje:\u00a0jedan semestar (6, 8, ljetni) Status: izborni Oblik nastave: 2 sata predavanja Cilj kolegija: Upoznavanje studenata s osnovnim pojmovima slavistike te sa specifi\u010dnim obilje\u017ejima razvoja slavistike unutar ukrajinistike. Posebno se govori o ukrajinistima koji su ostavili dubokog [&hellip;]<\/p>\n","protected":false},"author":1,"featured_media":0,"parent":10,"menu_order":28,"comment_status":"closed","ping_status":"closed","template":"","meta":{"footnotes":""},"class_list":["post-363","page","type-page","status-publish","hentry"],"_links":{"self":[{"href":"https:\/\/ukrainistika.ffzg.unizg.hr\/index.php?rest_route=\/wp\/v2\/pages\/363"}],"collection":[{"href":"https:\/\/ukrainistika.ffzg.unizg.hr\/index.php?rest_route=\/wp\/v2\/pages"}],"about":[{"href":"https:\/\/ukrainistika.ffzg.unizg.hr\/index.php?rest_route=\/wp\/v2\/types\/page"}],"author":[{"embeddable":true,"href":"https:\/\/ukrainistika.ffzg.unizg.hr\/index.php?rest_route=\/wp\/v2\/users\/1"}],"replies":[{"embeddable":true,"href":"https:\/\/ukrainistika.ffzg.unizg.hr\/index.php?rest_route=%2Fwp%2Fv2%2Fcomments&post=363"}],"version-history":[{"count":3,"href":"https:\/\/ukrainistika.ffzg.unizg.hr\/index.php?rest_route=\/wp\/v2\/pages\/363\/revisions"}],"predecessor-version":[{"id":2738,"href":"https:\/\/ukrainistika.ffzg.unizg.hr\/index.php?rest_route=\/wp\/v2\/pages\/363\/revisions\/2738"}],"up":[{"embeddable":true,"href":"https:\/\/ukrainistika.ffzg.unizg.hr\/index.php?rest_route=\/wp\/v2\/pages\/10"}],"wp:attachment":[{"href":"https:\/\/ukrainistika.ffzg.unizg.hr\/index.php?rest_route=%2Fwp%2Fv2%2Fmedia&parent=363"}],"curies":[{"name":"wp","href":"https:\/\/api.w.org\/{rel}","templated":true}]}}