{"id":4006,"date":"2024-05-06T13:55:41","date_gmt":"2024-05-06T11:55:41","guid":{"rendered":"https:\/\/ukrainistika.ffzg.unizg.hr\/?page_id=4006"},"modified":"2024-05-06T13:55:41","modified_gmt":"2024-05-06T11:55:41","slug":"uvod-u-studij-ukrajinskog-jezika","status":"publish","type":"page","link":"https:\/\/ukrainistika.ffzg.unizg.hr\/?page_id=4006","title":{"rendered":"Uvod u studij ukrajinskog jezika"},"content":{"rendered":"<p><strong>Uvod u studij ukrajinskog jezika<\/strong><\/p>\n<p><strong>\u00a0<\/strong><\/p>\n<p><strong>Nastavnica<\/strong>: prof. dr.sc. Oksana Timko \u0110itko<\/p>\n<p><strong>ECTS bodovi<\/strong>: 3 ECTS<\/p>\n<p><strong>Jezik<\/strong>: hrvatski i ukrajinski<\/p>\n<p><strong>Trajanje<\/strong> 1 semestar (1., zimski)<\/p>\n<p><strong>Status<\/strong>: obvezni<\/p>\n<p><strong>Oblik nastave:<\/strong> 2 sata predavanja tjedno (30P\/0S\/0V)<\/p>\n<p><strong>Uvjeti za upis kolegija:<\/strong> nema uvjeta<\/p>\n<p><strong>Cilj kolegija:<\/strong> Kolegij daje cjelovitu sliku o domeni lingvistike i njezinim osnovnim problemima upoznaju\u0107i studente s temeljnim sustavom pojmova i termina pojedinih lingvisti\u010dkih disciplina kao i autorima (\u0161kolama) koji su dali zna\u010dajan doprinos razvoju lingvistike kao znanosti. Kolegij predstavlja uvod u kompletan ciklus lingvisti\u010dkih kolegija u toku studija<\/p>\n<p><strong>Studentske obveze:<\/strong> redovito prisustvovanje predavanjima, sudjelovanje u diskusijama. Tijekom semestra studenti pi\u0161u 3 testa iz svake od prije\u0111enih cjelina.<\/p>\n<p><strong>Na\u010din polaganja kolegija:<\/strong> pismeni i usmeni ispit<\/p>\n<p>&nbsp;<\/p>\n<p><strong>Sadr\u017eaj kolegija: <\/strong><\/p>\n<ol>\n<li>Predmet prou\u010davanja. Znakovna priroda jezika. Opozicija jezik \u2013 govor. Lingvisti\u010dke discipline prema podru\u010dju i metodologiji prou\u010davanja.<\/li>\n<li>Fonetika i fonologija. Glasovi i njihova podjela. Pojam fonema i alofona. Distinktivna obilje\u017eja. Morfologija. Morfem i alomorf. Vrste morfema. Leksi\u010dko i gramati\u010dko zna\u010denje. Tvorba rije\u010di. Fleksija. Gramati\u010dke kategorije. Kriteriji za klasifikaciju vrsta rije\u010di.<\/li>\n<li>Sintagma. Re\u010denica. Tekst\/diskurs. Tipovi sintakti\u010dkih veza. Stilistika. Vi\u0161ezna\u010dnost pojma stil.<\/li>\n<li>Predmet semantike. Zna\u010denjski odnosi u semanti\u010dkom polju: Hiponimija. Hiperonimija. Antonimija. Sinonimija. Homonimija. Polisemija. Leksikologija i leksikografija. Vrste rje\u010dnika. Struktura leksikografske jedinice. Vremenska, podru\u010dna i funkcionalna raslojenost leksika. Problem posu\u0111enica i tu\u0111ica. Onomastika.<\/li>\n<li>test. Uvodno predavanje o jezi\u010dnoj raznolikosti i o genealo\u0161koj podjeli jezika. Indoeuropski jezici.<\/li>\n<li>Isto\u010dnoslavenski jezici.<\/li>\n<li>Staroslavenski jezik. Ju\u017enoslavenski jezici.<\/li>\n<li>Zapadnoslavenski jezici.<\/li>\n<li>Morfolo\u0161ka klasifikacija jezika. Analiti\u010dki i sinteti\u010dki jezici.<\/li>\n<li>Nastanak i razvoj od piktograma, ideograma i slogovnog pisma do alfabeta. Grafemika. Slavenska pismenost. Ortografija i ortoepija. Transkripcija i transliteracija.<\/li>\n<li>test. Lingvisti\u010dka istra\u017eivanja do 20. st. Velike lingvisti\u010dke tradicije: indijska, kineska, hebrejska, arapska, anti\u010dka. Komparativno-historijska lingvistika, biolo\u0161ki determinizam, humboldtizam, psihologizam, \u201cmladogramati\u010dari\u201d.<\/li>\n<li>Pregled lingvisti\u010dkih istra\u017eivanja u 20. st. \u017denevska \u0161kola. Pra\u0161ki lingvisti\u010dki krug. A. Martinet. Danski glosemati\u010dari. Transformacijsko-generativni model N. Chomskog.<\/li>\n<li>de Saussure i strukturalizam. Jezi\u010dna djelatnost. Jezik i govor. Struktura jezi\u010dnog znaka. Arbitrarnost i motiviranost znaka. Sinkronija i dijakronija. Sintagmatske i paradigmatske veze. Odjeci strukturalizma.<\/li>\n<li>Jezik kao sustav i jezik kao standard. Jezi\u010dne funkcije po R. Jakobsonu. Formalizacije u lingvistici. Norma i standard. Jezi\u010dni purizam. Jezi\u010dna zajednica i jezi\u010dni identitet (tipolo\u0161ki, genealo\u0161ki, vrijednosni). Jezi\u010dni supstrat i superstrat.<\/li>\n<li>test. Razvoj lingvistike u Ukrajini. Povijest standardizacije ukrajinskog jezika. Leksikografija u Ukrajini.<\/li>\n<\/ol>\n<p>&nbsp;<\/p>\n<p><strong>Literatura<\/strong><\/p>\n<p>Obvezna<\/p>\n<table width=\"787\">\n<tbody>\n<tr>\n<td width=\"787\">1.\u00a0\u00a0\u00a0 \u0160kiljan, D. (1994. Ii kasnija izdanja). <em>Pogled u lingvistiku. Rijeka:<\/em> Naklada Benja.<\/p>\n<p>2.\u00a0\u00a0\u00a0 Glovacki-Bernardi, Z. (prir) (2001). <em>Uvod u lingvistiku.<\/em> Zagreb: \u0160kolska knjiga<\/td>\n<\/tr>\n<\/tbody>\n<\/table>\n<p>Dodatna<\/p>\n<p>\u041a\u0430\u0440\u043f\u0435\u043d\u043a\u043e, \u042e. \u041e. (2006).<em> \u0412\u0441\u0442\u0443\u043f \u0434\u043e \u043c\u043e\u0432\u043e\u0437\u043d\u0430\u0432\u0441\u0442\u0432\u0430<\/em>, \u0412.\u0446. \u041a\u0438\u0457\u0432: \u0410\u043a\u0430\u0434\u0435\u043c\u0456\u044f.<\/p>\n<p>&nbsp;<\/p>\n<p><strong>Na\u010din pra\u0107enja kvalitete i uspje\u0161nosti izvedbe predmeta:<\/strong> Studentska anketa Sveu\u010dili\u0161ta u Zagrebu<\/p>\n<p>&nbsp;<\/p>\n<p>&nbsp;<\/p>\n","protected":false},"excerpt":{"rendered":"<p>Uvod u studij ukrajinskog jezika \u00a0 Nastavnica: prof. dr.sc. Oksana Timko \u0110itko ECTS bodovi: 3 ECTS Jezik: hrvatski i ukrajinski Trajanje 1 semestar (1., zimski) Status: obvezni Oblik nastave: 2 sata predavanja tjedno (30P\/0S\/0V) Uvjeti za upis kolegija: nema uvjeta Cilj kolegija: Kolegij daje cjelovitu sliku o domeni lingvistike i njezinim osnovnim problemima upoznaju\u0107i studente [&hellip;]<\/p>\n","protected":false},"author":3,"featured_media":0,"parent":0,"menu_order":0,"comment_status":"closed","ping_status":"closed","template":"","meta":{"footnotes":""},"class_list":["post-4006","page","type-page","status-publish","hentry"],"_links":{"self":[{"href":"https:\/\/ukrainistika.ffzg.unizg.hr\/index.php?rest_route=\/wp\/v2\/pages\/4006"}],"collection":[{"href":"https:\/\/ukrainistika.ffzg.unizg.hr\/index.php?rest_route=\/wp\/v2\/pages"}],"about":[{"href":"https:\/\/ukrainistika.ffzg.unizg.hr\/index.php?rest_route=\/wp\/v2\/types\/page"}],"author":[{"embeddable":true,"href":"https:\/\/ukrainistika.ffzg.unizg.hr\/index.php?rest_route=\/wp\/v2\/users\/3"}],"replies":[{"embeddable":true,"href":"https:\/\/ukrainistika.ffzg.unizg.hr\/index.php?rest_route=%2Fwp%2Fv2%2Fcomments&post=4006"}],"version-history":[{"count":1,"href":"https:\/\/ukrainistika.ffzg.unizg.hr\/index.php?rest_route=\/wp\/v2\/pages\/4006\/revisions"}],"predecessor-version":[{"id":4007,"href":"https:\/\/ukrainistika.ffzg.unizg.hr\/index.php?rest_route=\/wp\/v2\/pages\/4006\/revisions\/4007"}],"wp:attachment":[{"href":"https:\/\/ukrainistika.ffzg.unizg.hr\/index.php?rest_route=%2Fwp%2Fv2%2Fmedia&parent=4006"}],"curies":[{"name":"wp","href":"https:\/\/api.w.org\/{rel}","templated":true}]}}