{"id":4017,"date":"2024-05-06T14:04:41","date_gmt":"2024-05-06T12:04:41","guid":{"rendered":"https:\/\/ukrainistika.ffzg.unizg.hr\/?page_id=4017"},"modified":"2024-05-06T14:04:41","modified_gmt":"2024-05-06T12:04:41","slug":"ukrajinska-usmena-knjizevnost","status":"publish","type":"page","link":"https:\/\/ukrainistika.ffzg.unizg.hr\/?page_id=4017","title":{"rendered":"Ukrajinska usmena knji\u017eevnost"},"content":{"rendered":"<p><strong>Ukrajinska usmena knji\u017eevnost<\/strong><\/p>\n<p>&nbsp;<\/p>\n<p><strong>Nastavnica<\/strong>: doc. dr. sc. Dariya Pavle\u0161en<\/p>\n<p><strong>ECTS bodovi<\/strong>: 2 ECTS<\/p>\n<p><strong>Jezik<\/strong>: hrvatski i ukrajinski<\/p>\n<p><strong>Trajanje<\/strong>: 1 semestar ( 1., zimski semestar)<\/p>\n<p><strong>Status<\/strong>: izborni<\/p>\n<p><strong>Oblik zastave<\/strong>: dva sata seminara tjedno (0P\/30S\/0V)<\/p>\n<p><strong>Uvjeti za upis kolegija<\/strong>: nema uvjeta<\/p>\n<p><strong>Cilj kolegija:<\/strong> Cilj je kolegija pru\u017eiti studentima osnovni uvid u ukrajinsku folkloristiku kao vi\u0161edisciplinarnu znanost te ih upoznati s kompleksnim podru\u010djem njezina prou\u010davanja. Osposobiti studente za prepoznavanje folkloristi\u010dkoga segmenta unutar knji\u017eevnih istra\u017eivanja, pokazati im \u017eanrovsku, tematsku i regionalnu raznolikost.<\/p>\n<p><strong>Studentske obveze:<\/strong> Redovno poha\u0111anje nastave, polaganje kolokvija tijekom semestra.<\/p>\n<p><strong>Na\u010din polaganja kolegija:<\/strong> usmeni ispit<\/p>\n<p>&nbsp;<\/p>\n<p><strong>Sadr\u017eaj kolegija:<\/strong><\/p>\n<ol>\n<li>Obilje\u017eja svjetonazorskog sustava ukrajinskog folklora (pretkr\u0161\u0107anska vjerovanja starih Slavena, magija i mitologija, poganstvo).<br \/>\n2. Kultovi. Folklor i folkloristika. Periodizacija folklora. Smjerovi i folkloristi\u010dke \u0161kole. Folklor i knji\u017eevnost.<br \/>\n3. Paremiografija (povijesni razvoj paremija, vrste paremija i njihovo istra\u017eivanje). Zagonetke.<br \/>\n4. Dje\u010dji folklor.<br \/>\n5. Herojski ep: biline, povijesne pjesme.<br \/>\n6. Herojski ep: ukrajinske dume.<br \/>\n7. Obiteljsko obredno stvarala\u0161tvo.<br \/>\n8. Balade.<br \/>\n9. Lirske pjesme.<br \/>\n10. Bajke.<br \/>\n11. Legende, predaje i &#8220;buvalj\u0161\u010dyna&#8221;.<br \/>\n12. Kr\u0161\u0107anstvo i njegov utjecaj na razvoj ukrajinskog narodnog usmenog stvarala\u0161tva. Usmena lirika u obi\u010dajima \u017eivotnog i godi\u0161njeg ciklusa (ritualno-mitolo\u0161ki temelji obreda proljetnog ciklusa, \u017eanrovi i djela).<br \/>\n13. Usmena lirika u obi\u010dajima \u017eivotnog i godi\u0161njeg ciklusa (ritualno-mitolo\u0161ki temelji obreda ljetnog ciklusa, \u017eanrovi i djela).<br \/>\n14. Usmena lirika u obi\u010dajima \u017eivotnog i godi\u0161njeg ciklusa (ritualno-mitolo\u0161ki temelji obreda jesenskog ciklusa, \u017eanrovi i djela).<br \/>\n15. Usmena lirika u obi\u010dajima \u017eivotnog i godi\u0161njeg ciklusa (ritualno-mitolo\u0161ki temelji obreda zimskog ciklusa, \u017eanrovi i djela).<\/li>\n<\/ol>\n<p>&nbsp;<\/p>\n<p><strong>Literatura<\/strong><\/p>\n<p>Obvezna<\/p>\n<ol>\n<li>Mircea Eliade (2002). Sveto i profano. Zagreb: AGM.<\/li>\n<li>Vladimir Prop (1990). Historijski korijeni bajke. Sarajevo: Svjetlost.<\/li>\n<li>Julija Solod (2008). Ukrajins&#8217;ka klasy\u010dna literatura. Konspekt. Kyjiv: Svitlo znan&#8217;.<\/li>\n<\/ol>\n<p>Dodatna<\/p>\n<ol>\n<li>Lanovyk M., Lanovyk Z. (2006). Ukrajins&#8217;ka usna narodna tvor\u010dist&#8217;. Kyjiv: Znannja-Pres.<\/li>\n<li>Mircea Eliade (2007). Mit o vje\u010dnom povratku. Zagreb: Jesenski i Turk.<\/li>\n<li>Solar Milivoj (1976). Teorija knji\u017eevnosti. Zagreb: \u0160kolska knjiga.<\/li>\n<\/ol>\n<p>&nbsp;<\/p>\n<p><strong>Na\u010din pra\u0107enja kvalitete i uspje\u0161nosti izvedbe kolegija:<\/strong> Studentska anketa Sveu\u010dili\u0161ta u Zagrebu<\/p>\n","protected":false},"excerpt":{"rendered":"<p>Ukrajinska usmena knji\u017eevnost &nbsp; Nastavnica: doc. dr. sc. Dariya Pavle\u0161en ECTS bodovi: 2 ECTS Jezik: hrvatski i ukrajinski Trajanje: 1 semestar ( 1., zimski semestar) Status: izborni Oblik zastave: dva sata seminara tjedno (0P\/30S\/0V) Uvjeti za upis kolegija: nema uvjeta Cilj kolegija: Cilj je kolegija pru\u017eiti studentima osnovni uvid u ukrajinsku folkloristiku kao vi\u0161edisciplinarnu znanost [&hellip;]<\/p>\n","protected":false},"author":3,"featured_media":0,"parent":0,"menu_order":0,"comment_status":"closed","ping_status":"closed","template":"","meta":{"footnotes":""},"class_list":["post-4017","page","type-page","status-publish","hentry"],"_links":{"self":[{"href":"https:\/\/ukrainistika.ffzg.unizg.hr\/index.php?rest_route=\/wp\/v2\/pages\/4017"}],"collection":[{"href":"https:\/\/ukrainistika.ffzg.unizg.hr\/index.php?rest_route=\/wp\/v2\/pages"}],"about":[{"href":"https:\/\/ukrainistika.ffzg.unizg.hr\/index.php?rest_route=\/wp\/v2\/types\/page"}],"author":[{"embeddable":true,"href":"https:\/\/ukrainistika.ffzg.unizg.hr\/index.php?rest_route=\/wp\/v2\/users\/3"}],"replies":[{"embeddable":true,"href":"https:\/\/ukrainistika.ffzg.unizg.hr\/index.php?rest_route=%2Fwp%2Fv2%2Fcomments&post=4017"}],"version-history":[{"count":1,"href":"https:\/\/ukrainistika.ffzg.unizg.hr\/index.php?rest_route=\/wp\/v2\/pages\/4017\/revisions"}],"predecessor-version":[{"id":4018,"href":"https:\/\/ukrainistika.ffzg.unizg.hr\/index.php?rest_route=\/wp\/v2\/pages\/4017\/revisions\/4018"}],"wp:attachment":[{"href":"https:\/\/ukrainistika.ffzg.unizg.hr\/index.php?rest_route=%2Fwp%2Fv2%2Fmedia&parent=4017"}],"curies":[{"name":"wp","href":"https:\/\/api.w.org\/{rel}","templated":true}]}}