{"id":47,"date":"2013-04-08T20:07:31","date_gmt":"2013-04-08T18:07:31","guid":{"rendered":"http:\/\/wp.ffzg.unizg.hr\/ukrajinistika-proba\/?page_id=47"},"modified":"2013-04-08T20:07:31","modified_gmt":"2013-04-08T18:07:31","slug":"knjiznica","status":"publish","type":"page","link":"https:\/\/ukrainistika.ffzg.unizg.hr\/?page_id=47","title":{"rendered":"Knji\u017enica"},"content":{"rendered":"<h1>Isto\u010dna slavistika<\/h1>\n<p>Podaci za kontakt:<br \/>\n<b>Greta \u0160imi\u010devi\u0107 <\/b><\/p>\n<p>tel: 01\/6120-221; ku\u0107ni 2221<br \/>\nf: 01\/6120-221<br \/>\ne-mail: <a href=\"mailto:gsimicev@ffzg.hr\">gsimicev@ffzg.hr<\/a><br \/>\nlokacija: Knji\u017enica, soba 3.6.<\/p>\n","protected":false},"excerpt":{"rendered":"<p>Isto\u010dna slavistika Podaci za kontakt: Greta \u0160imi\u010devi\u0107 tel: 01\/6120-221; ku\u0107ni 2221 f: 01\/6120-221 e-mail: gsimicev@ffzg.hr lokacija: Knji\u017enica, soba 3.6.<\/p>\n","protected":false},"author":1,"featured_media":0,"parent":0,"menu_order":0,"comment_status":"closed","ping_status":"closed","template":"sidebar-page.php","meta":{"footnotes":""},"class_list":["post-47","page","type-page","status-publish","hentry"],"_links":{"self":[{"href":"https:\/\/ukrainistika.ffzg.unizg.hr\/index.php?rest_route=\/wp\/v2\/pages\/47"}],"collection":[{"href":"https:\/\/ukrainistika.ffzg.unizg.hr\/index.php?rest_route=\/wp\/v2\/pages"}],"about":[{"href":"https:\/\/ukrainistika.ffzg.unizg.hr\/index.php?rest_route=\/wp\/v2\/types\/page"}],"author":[{"embeddable":true,"href":"https:\/\/ukrainistika.ffzg.unizg.hr\/index.php?rest_route=\/wp\/v2\/users\/1"}],"replies":[{"embeddable":true,"href":"https:\/\/ukrainistika.ffzg.unizg.hr\/index.php?rest_route=%2Fwp%2Fv2%2Fcomments&post=47"}],"version-history":[{"count":0,"href":"https:\/\/ukrainistika.ffzg.unizg.hr\/index.php?rest_route=\/wp\/v2\/pages\/47\/revisions"}],"wp:attachment":[{"href":"https:\/\/ukrainistika.ffzg.unizg.hr\/index.php?rest_route=%2Fwp%2Fv2%2Fmedia&parent=47"}],"curies":[{"name":"wp","href":"https:\/\/api.w.org\/{rel}","templated":true}]}}