{"id":772,"date":"2014-03-12T22:47:40","date_gmt":"2014-03-12T20:47:40","guid":{"rendered":"https:\/\/ukrainistika.ffzg.unizg.hr\/?page_id=772"},"modified":"2014-03-13T14:12:17","modified_gmt":"2014-03-13T12:12:17","slug":"klub-studenata-ukrajinistike","status":"publish","type":"page","link":"https:\/\/ukrainistika.ffzg.unizg.hr\/?page_id=772","title":{"rendered":"Klub studenata Ukrajinistike"},"content":{"rendered":"<p>Klub studenata Ukrajinistike (KSU) Filozofskog fakulteta Sveu\u010dili\u0161ta u Zagrebu, svoje po\u010detke zapisuje u jesen 2012. godine. \u010clanovi kluba su poglavito studenti entuzijasti koji studiraju u prvom redu ukrajinski jezik u raznim kombinacijama s drugim studijskim grupama Filozofskog Fakulteta: arheologijom, etnologijom, filozofijom, sociologijom itd. Neki od novih \u010dlanova dolaze i s drugih fakulteta poput Gra\u0111evinskog fakulteta, \u0160umarskog fakulteta\u2026 Klub \u010dine brojne sekcije: gastronomska sekcija &#8211; Cuoco (pod vodstvom Ive Dejanovi\u0107), recitatorska sekcija- RecSec (voditelj Martin \u010cutura), plesna sekcija &#8211; LUP&#8217;s (vodstvo &#8211; Denis Kova\u010devi\u0107), te zbor &#8211; Horiv. Vodstvo zbora u za\u010decima je nosila Zrinka Suk, kasnije su to preuzeli Hrvoje Pand\u017ei\u0107 i Branimir Suk, a trenutno vodstvo je preuzeo stru\u010dni pedagog koji se bavi solo pjevanjem, Kristijan Kosti\u0107. Ciljevi Kluba su promicanje knji\u017eevno-kulturnih te dru\u0161tvenih veza izme\u0111u studenata Hrvatske i Ukrajine; organiziranje kulturnih doga\u0111anja vezanih uz studij ukrajinskog jezika i knji\u017eevnosti; doprinos razvoju modernog i autonomnog Sveu\u010dili\u0161ta, unaprje\u0111ivanje nastavne aktivnosti na studiju ukrajinistike. Trenutni predsjednik je Branimir Suk.<\/p>\n<p>KSU broji oko 40 \u010dlanova, od \u010dega je 25 aktivnih \u010dlanova koji se izme\u0111u ostalog bave prevo\u0111enjem i prilago\u0111avanjem tradicionalne ukrajinske i hrvatske pjesme radi isticanja kulturnih posebnosti i pokazivanja sli\u010dnosti tih dvaju naroda \u0161iroj javnosti. Produbljivanjem interesa o Ukrajini i ukrajinskoj kulturi i narodu kroz umjetni\u010dki izri\u010daj i poticanje neformalnih na\u010dina u\u010denja o kulturi jednog naroda kroz posjete muzejima, recitacije, plesove, degustacije tradicionalne ukrajinske hrane i glazbu \u017eeli studentima uljep\u0161ati i upotpuniti studentski \u017eivot.<\/p>\n<p>Klub u svom kratkom postojanju u djelovanje ubraja nekolicinu zapa\u017eenih doga\u0111aja i projekata. Prvi je bio 11. prosinca 2012. godine u Klovi\u0107evim dvorima povodom obilje\u017eavanja 21. obljetnice prvog priznanja Republike Hrvatske od jedne zemlje \u010dlanice UN-a, Ukrajine. Nastup se ponovio na isti datum 2013. godine s puno opse\u017enijem programom koji je uklju\u010divao nastup Koncertnog majstora Zagreba\u010dke Filharmonije, gospodina Oresta \u0160urgota te recitaciju pjesama ukrajinskih autora i izvedbu nekih autorskih pjesama Zbora. Klub ve\u0107 tre\u0107u godinu zaredom obilje\u017eava godi\u0161njicu ro\u0111enja velikana ukrajinske knji\u017eevnosti i umjetnosti op\u0107enito Tarasa \u0160ev\u010denka. Jedan od zapa\u017eenijih nastupa zborske sekcije KSU-a odvio se u zagreba\u010dkoj prvostolnici u suradnji s udrugom Glagoliana povodom obilje\u017eavanja dana sv. \u0106irila i Metoda 20. svibnja 2013. godine. Klub studenata bio je suorganizator i voditelj cijelog programa, a zbor jedan od izvo\u0111a\u010da u umjetni\u010dkom dijelu programa uz Klapu Slavi\u0107 i komorni zbor Ivan Filipovi\u0107 te druge izvo\u0111a\u010de. Trenutni fokus Kluba studenata ukrajinistike usmjeren je na projekt koji \u0107e se odr\u017eati 28. lipnja u Zagrebu u suradnji sa studentima Akademije dramskih umjetnosti u Zagrebu uz supervizoricu redateljicu Snje\u017eanu Banovi\u0107 u predstavi Krle\u017ea 14:14, redateljice Ive Srnec koja je nedavno diplomirala na ADU smjer kazali\u0161ne re\u017eije i radiofonije.<\/p>\n<p><a href=\"https:\/\/ukrainistika.ffzg.unizg.hr\/wp-content\/uploads\/2014\/03\/Nastup-u-Klovi\u0107evim-dvorima.jpg\"><img loading=\"lazy\" decoding=\"async\" class=\"alignleft size-full wp-image-775\" alt=\"Nastup u Klovi\u0107evim dvorima\" src=\"https:\/\/ukrainistika.ffzg.unizg.hr\/wp-content\/uploads\/2014\/03\/Nastup-u-Klovi\u0107evim-dvorima.jpg\" width=\"960\" height=\"641\" srcset=\"https:\/\/ukrainistika.ffzg.unizg.hr\/wp-content\/uploads\/2014\/03\/Nastup-u-Klovi\u0107evim-dvorima.jpg 960w, https:\/\/ukrainistika.ffzg.unizg.hr\/wp-content\/uploads\/2014\/03\/Nastup-u-Klovi\u0107evim-dvorima-300x200.jpg 300w, https:\/\/ukrainistika.ffzg.unizg.hr\/wp-content\/uploads\/2014\/03\/Nastup-u-Klovi\u0107evim-dvorima-449x300.jpg 449w\" sizes=\"(max-width: 960px) 100vw, 960px\" \/><\/a><\/p>\n","protected":false},"excerpt":{"rendered":"<p>Klub studenata Ukrajinistike (KSU) Filozofskog fakulteta Sveu\u010dili\u0161ta u Zagrebu, svoje po\u010detke zapisuje u jesen 2012. godine. \u010clanovi kluba su poglavito studenti entuzijasti koji studiraju u prvom redu ukrajinski jezik u raznim kombinacijama s drugim studijskim grupama Filozofskog Fakulteta: arheologijom, etnologijom, filozofijom, sociologijom itd. Neki od novih \u010dlanova dolaze i s drugih fakulteta poput Gra\u0111evinskog fakulteta, [&hellip;]<\/p>\n","protected":false},"author":3,"featured_media":0,"parent":0,"menu_order":0,"comment_status":"closed","ping_status":"open","template":"sidebar-page.php","meta":{"footnotes":""},"class_list":["post-772","page","type-page","status-publish","hentry"],"_links":{"self":[{"href":"https:\/\/ukrainistika.ffzg.unizg.hr\/index.php?rest_route=\/wp\/v2\/pages\/772"}],"collection":[{"href":"https:\/\/ukrainistika.ffzg.unizg.hr\/index.php?rest_route=\/wp\/v2\/pages"}],"about":[{"href":"https:\/\/ukrainistika.ffzg.unizg.hr\/index.php?rest_route=\/wp\/v2\/types\/page"}],"author":[{"embeddable":true,"href":"https:\/\/ukrainistika.ffzg.unizg.hr\/index.php?rest_route=\/wp\/v2\/users\/3"}],"replies":[{"embeddable":true,"href":"https:\/\/ukrainistika.ffzg.unizg.hr\/index.php?rest_route=%2Fwp%2Fv2%2Fcomments&post=772"}],"version-history":[{"count":4,"href":"https:\/\/ukrainistika.ffzg.unizg.hr\/index.php?rest_route=\/wp\/v2\/pages\/772\/revisions"}],"predecessor-version":[{"id":778,"href":"https:\/\/ukrainistika.ffzg.unizg.hr\/index.php?rest_route=\/wp\/v2\/pages\/772\/revisions\/778"}],"wp:attachment":[{"href":"https:\/\/ukrainistika.ffzg.unizg.hr\/index.php?rest_route=%2Fwp%2Fv2%2Fmedia&parent=772"}],"curies":[{"name":"wp","href":"https:\/\/api.w.org\/{rel}","templated":true}]}}