{"id":851,"date":"2014-04-29T15:59:50","date_gmt":"2014-04-29T13:59:50","guid":{"rendered":"https:\/\/ukrainistika.ffzg.unizg.hr\/?page_id=851"},"modified":"2025-10-24T15:45:02","modified_gmt":"2025-10-24T13:45:02","slug":"kontakt","status":"publish","type":"page","link":"https:\/\/ukrainistika.ffzg.unizg.hr\/?page_id=851","title":{"rendered":"Kontakti"},"content":{"rendered":"<p><strong>Pro\u010delnica Odsjeka za isto\u010dnoslavenske jezike i knji\u017eevnosti<\/strong><\/p>\n<p>Dr. sc. Jasmina Vojvodi\u0107, red. prof., <a href=\"mailto:jvojvodi@ffzg.hr\">jvojvodi@ffzg.hr<\/a>; soba B-224<\/p>\n<p>\u00a0<\/p>\n<p><strong>Predstojnica Katedre za ukrajinski jezik i knji\u017eevnost<\/strong><\/p>\n<p>Dr. sc. Ana Dugand\u017ei\u0107, doc.; <a href=\"mailto:adugandzic@ffzg.hr\">adugandzic@ffzg.hr<\/a>; soba B-201<\/p>\n<p>\u00a0<\/p>\n<p><strong>ISVU koordinatorica za Preddiplomski studij ukrajinskog jezika i knji\u017eevnosti<\/strong><\/p>\n<p><a title=\"Dariya Pavle\u0161en, vi\u0161a lektorica\" href=\"\/slaven\/ukrajinistika\/?page_id=166\">Dr. sc. Dariya Pavle\u0161en, doc.<\/a> (dpavlese@ffzg.hr), soba B-201<\/p>\n<p>\u00a0<\/p>\n<p><strong>ISVU koordinatorica za Diplomski studij ukrajinskog jezika i knji\u017eevnosti<\/strong><\/p>\n<p><a title=\"Dariya Pavle\u0161en, vi\u0161a lektorica\" href=\"\/slaven\/ukrajinistika\/?page_id=166\">Dr. sc. Dariya Pavle\u0161en, doc.<\/a><a title=\"Dr. sc. Tetyana Fuderer, doc.\" href=\"\/slaven\/ukrajinistika\/?page_id=160\"> (dpavlese@ffzg.hr), soba B-201<\/a><\/p>\n<p>\u00a0<\/p>\n<p><strong>Satni\u010dar<\/strong><\/p>\n<p><a title=\"Domagoj Kli\u010dek, vanjski suradnik\" href=\"\/slaven\/ukrajinistika\/?page_id=179\">Dr. sc. Domagoj Kli\u010dek, poslijedoktorand<\/a> (<a title=\"Domagoj Kli\u010dek, asistent\" href=\"mailto:dklicek@ffzg.hr\">dklicek@ffzg.hr<\/a>), soba B-201<\/p>\n<p>\u00a0<\/p>\n<p><strong>Web administratorica<\/strong><\/p>\n<p><a title=\"Silvija Graljuk, asistentica\" href=\"\/slaven\/ukrajinistika\/?page_id=171\">Dr. sc. Silvija Graljuk, poslijedoktorandica<\/a> (sgraljuk@ffzg.hr), soba B-202<\/p>\n<p>\u00a0<\/p>\n<p><strong>Knji\u017eni\u010darka<\/strong><\/p>\n<p><a title=\"Knji\u017enica\" href=\"\/slaven\/ukrajinistika\/?page_id=47\">Greta \u0160imi\u010devi\u0107<\/a> (<a href=\"mailto:gsimicev@ffzg.hr\">gsimicev@ffzg.hr<\/a>) tel: 6120-221, lokacija: Knji\u017enica, soba 3.6.<\/p>\n<p>\u00a0<\/p>\n<p><strong>Erasmus koordinator za ukrajinistku<br \/><\/strong><\/p>\n<p><a title=\"Ana Dugand\u017ei\u0107, vi\u0161a lektorica\" href=\"https:\/\/ukrainistika.ffzg.unizg.hr\/?page_id=14\">Pavao Jergovi\u0107, asistent.<\/a> (<a href=\"pjergovi@ffzg.hr\">pjergovi@ffzg.hr<\/a>), soba B-201<\/p>\n<p>\u00a0<\/p>\n<p><strong>Nastavnik &#8211; mentor<\/strong><\/p>\n<p><a href=\"https:\/\/ukrainistika.ffzg.unizg.hr\/?page_id=171\" target=\"_blank\" rel=\"noopener\">Dr. sc. Silvija Graljuk, poslijedoktorandica<\/a> (<a href=\"mailto:sgraljuk@ffzg.hr\">sgraljuk@ffzg.hr<\/a>), Soba B-202<\/p>\n<p>\u00a0<\/p>\n<p><strong>Tajnica<\/strong><\/p>\n<p>Maja Flegar (<a href=\"mflegar@ffzg.hr\">mflegar@ffzg.hr)<\/a>; soba B-203; tel: 4092-104<\/p>\n\n\n<p><\/p>\n","protected":false},"excerpt":{"rendered":"<p>Pro\u010delnica Odsjeka za isto\u010dnoslavenske jezike i knji\u017eevnosti Dr. sc. Jasmina Vojvodi\u0107, red. prof., jvojvodi@ffzg.hr; soba B-224 \u00a0 Predstojnica Katedre za ukrajinski jezik i knji\u017eevnost Dr. sc. Ana Dugand\u017ei\u0107, doc.; adugandzic@ffzg.hr; soba B-201 \u00a0 ISVU koordinatorica za Preddiplomski studij ukrajinskog jezika i knji\u017eevnosti Dr. sc. Dariya Pavle\u0161en, doc. (dpavlese@ffzg.hr), soba B-201 \u00a0 ISVU koordinatorica za Diplomski [&hellip;]<\/p>\n","protected":false},"author":3,"featured_media":0,"parent":0,"menu_order":0,"comment_status":"closed","ping_status":"closed","template":"","meta":{"footnotes":""},"class_list":["post-851","page","type-page","status-publish","hentry"],"_links":{"self":[{"href":"https:\/\/ukrainistika.ffzg.unizg.hr\/index.php?rest_route=\/wp\/v2\/pages\/851"}],"collection":[{"href":"https:\/\/ukrainistika.ffzg.unizg.hr\/index.php?rest_route=\/wp\/v2\/pages"}],"about":[{"href":"https:\/\/ukrainistika.ffzg.unizg.hr\/index.php?rest_route=\/wp\/v2\/types\/page"}],"author":[{"embeddable":true,"href":"https:\/\/ukrainistika.ffzg.unizg.hr\/index.php?rest_route=\/wp\/v2\/users\/3"}],"replies":[{"embeddable":true,"href":"https:\/\/ukrainistika.ffzg.unizg.hr\/index.php?rest_route=%2Fwp%2Fv2%2Fcomments&post=851"}],"version-history":[{"count":28,"href":"https:\/\/ukrainistika.ffzg.unizg.hr\/index.php?rest_route=\/wp\/v2\/pages\/851\/revisions"}],"predecessor-version":[{"id":5010,"href":"https:\/\/ukrainistika.ffzg.unizg.hr\/index.php?rest_route=\/wp\/v2\/pages\/851\/revisions\/5010"}],"wp:attachment":[{"href":"https:\/\/ukrainistika.ffzg.unizg.hr\/index.php?rest_route=%2Fwp%2Fv2%2Fmedia&parent=851"}],"curies":[{"name":"wp","href":"https:\/\/api.w.org\/{rel}","templated":true}]}}